{"id":11,"date":"2012-08-19T11:04:17","date_gmt":"2012-08-19T11:04:17","guid":{"rendered":"http:\/\/www.franz-von-assisi-schule-ostbevern.de\/wordpress\/?page_id=11"},"modified":"2012-10-24T10:26:40","modified_gmt":"2012-10-24T10:26:40","slug":"schulhausschulhof","status":"publish","type":"page","link":"https:\/\/www.assisi-schule-ostbevern.de\/?page_id=11","title":{"rendered":"Schulhaus\/Schulhof"},"content":{"rendered":"<p>Am 15. August 1996 begann der Unterricht in der neu gegr\u00fcndeten Schule, der Katholischen Grundschule II. Ihren Namen \u201eFranz-von-Assisi-Schule\u201c tr\u00e4gt sie seit Juni 1997. Unser jetziges Schulgeb\u00e4ude wurde 1998 bezogen.<\/p>\n<p>Bei der Planung wurde darauf geachtet, dass es den Bed\u00fcrfnissen von Kindern und den Anspr\u00fcchen von\u00a0 Erziehung und Bildung gerecht wird. So sind die R\u00e4umlichkeiten hell und offen.<\/p>\n<p><img loading=\"lazy\" decoding=\"async\" class=\"wp-image-161 alignleft\" title=\"buecherei\" src=\"http:\/\/www.assisi-schule-ostbevern.de\/wordpress\/wp-content\/uploads\/2012\/09\/buecherei-300x225.jpg\" alt=\"\" width=\"240\" height=\"180\" srcset=\"https:\/\/www.assisi-schule-ostbevern.de\/wordpress\/wp-content\/uploads\/2012\/09\/buecherei-300x225.jpg 300w, https:\/\/www.assisi-schule-ostbevern.de\/wordpress\/wp-content\/uploads\/2012\/09\/buecherei.jpg 900w\" sizes=\"auto, (max-width: 240px) 100vw, 240px\" \/>Es gibt eine Schulb\u00fccherei, unser \u201e<span style=\"text-decoration: underline;\">Assisi-Leseland<\/span>\u201c, einen <span style=\"text-decoration: underline;\">Computerraum<\/span> und 2 <span style=\"text-decoration: underline;\">Mehrzweckr\u00e4ume<\/span>, in denen unter anderem die M\u00f6glichkeiten zum Musizieren, k\u00fcnstlerischen Schaffen, Kochen und Backen gegeben sind.Im <span style=\"text-decoration: underline;\">Assisi-Laden<\/span> k\u00f6nnen kosteng\u00fcnstig Hefte und Bl\u00f6cke aus Recyclingpapier gekauft werden. M\u00f6glich ist dieses durch die gute Zusammenarbeit mit dem Eine-Welt-Laden in Ostbevern.<\/p>\n<p><img loading=\"lazy\" decoding=\"async\" class=\"wp-image-188 alignleft\" title=\"Schulhaus_Forum\" src=\"http:\/\/www.assisi-schule-ostbevern.de\/wordpress\/wp-content\/uploads\/2012\/08\/Schulhaus_Forum-600x428.jpg\" alt=\"\" width=\"252\" height=\"195\" \/><\/p>\n<p>Im gro\u00dfen Forum finden regelm\u00e4\u00dfige <span style=\"text-decoration: underline;\">Treffen der ganzen Schule<\/span> statt, um Dinge aus dem Unterricht zu pr\u00e4sentieren und uns als Schulgemeinschaft zu erleben.<\/p>\n<p><img loading=\"lazy\" decoding=\"async\" class=\"wp-image-173 alignleft\" title=\"schulhaus\" src=\"http:\/\/www.assisi-schule-ostbevern.de\/wordpress\/wp-content\/uploads\/2012\/09\/schulhaus-300x225.jpg\" alt=\"\" width=\"252\" height=\"195\" \/>Die Schule im Sinne einer Begegnungsst\u00e4tte schafft den Kindern durch weitere Bewegungsfl\u00e4chen die M\u00f6glichkeit zum aktiven Lernen. Neben den Klassenr\u00e4umen befinden sich im Geb\u00e4ude mehrere <span style=\"text-decoration: underline;\">Gruppenr\u00e4ume<\/span>, <span style=\"text-decoration: underline;\">Galerien<\/span>, <span style=\"text-decoration: underline;\">Foren und Balkone<\/span>, die als zus\u00e4tzliche Lernorte genutzt werden.<\/p>\n<p>Zus\u00e4tzlich sind die <span style=\"text-decoration: underline;\">Musikschule<\/span> und die <span style=\"text-decoration: underline;\">Offene Ganztagsschule (OGS)<\/span> in unseren R\u00e4umlichkeiten untergebracht.<\/p>\n<p><img loading=\"lazy\" decoding=\"async\" class=\"wp-image-206 alignleft\" title=\"Schulhaus_Geb\u00e4ude\" src=\"http:\/\/www.assisi-schule-ostbevern.de\/wordpress\/wp-content\/uploads\/2012\/08\/Schulhaus_Geb\u00e4ude-600x399.jpg\" alt=\"\" width=\"252\" height=\"167\" srcset=\"https:\/\/www.assisi-schule-ostbevern.de\/wordpress\/wp-content\/uploads\/2012\/08\/Schulhaus_Geb\u00e4ude-600x399.jpg 600w, https:\/\/www.assisi-schule-ostbevern.de\/wordpress\/wp-content\/uploads\/2012\/08\/Schulhaus_Geb\u00e4ude.jpg 800w\" sizes=\"auto, (max-width: 252px) 100vw, 252px\" \/>Unser <span style=\"text-decoration: underline;\">naturnah gestaltetes Schulgel\u00e4nde<\/span> kommt den Bewegungsbed\u00fcrfnissen der Kinder in besonderer Weise entgegen. Neben Ballspielfl\u00e4chen, Turnstangen, Balancier- und Kletterm\u00f6glichkeiten bietet eine gro\u00dfe Sandfl\u00e4che Platz zum Buddeln. Dar\u00fcber hinaus k\u00f6nnen die Kinder Bereiche nutzen, die auf schmalen, naturbelassenen Wegen zwischen den Baumbest\u00e4nden erreicht werden k\u00f6nnen. W\u00e4hrend der Pausen k\u00f6nnen die Kinder sich zus\u00e4tzlich Spielger\u00e4te in unserem Spielger\u00e4tehaus ausleihen.<\/p>\n<p><img loading=\"lazy\" decoding=\"async\" class=\" wp-image-174 alignnone\" title=\"schulhof_01\" src=\"http:\/\/www.assisi-schule-ostbevern.de\/wordpress\/wp-content\/uploads\/2012\/09\/schulhof_01-300x225.jpg\" alt=\"\" width=\"240\" height=\"180\" srcset=\"https:\/\/www.assisi-schule-ostbevern.de\/wordpress\/wp-content\/uploads\/2012\/09\/schulhof_01-300x225.jpg 300w, https:\/\/www.assisi-schule-ostbevern.de\/wordpress\/wp-content\/uploads\/2012\/09\/schulhof_01.jpg 900w\" sizes=\"auto, (max-width: 240px) 100vw, 240px\" \/><img loading=\"lazy\" decoding=\"async\" class=\" wp-image-175 alignnone\" title=\"schulhof_02\" src=\"http:\/\/www.assisi-schule-ostbevern.de\/wordpress\/wp-content\/uploads\/2012\/09\/schulhof_02-300x225.jpg\" alt=\"\" width=\"240\" height=\"180\" srcset=\"https:\/\/www.assisi-schule-ostbevern.de\/wordpress\/wp-content\/uploads\/2012\/09\/schulhof_02-300x225.jpg 300w, https:\/\/www.assisi-schule-ostbevern.de\/wordpress\/wp-content\/uploads\/2012\/09\/schulhof_02.jpg 900w\" sizes=\"auto, (max-width: 240px) 100vw, 240px\" \/><img loading=\"lazy\" decoding=\"async\" class=\" wp-image-176 alignnone\" title=\"schulhof_03\" src=\"http:\/\/www.assisi-schule-ostbevern.de\/wordpress\/wp-content\/uploads\/2012\/09\/schulhof_03-300x225.jpg\" alt=\"\" width=\"240\" height=\"180\" srcset=\"https:\/\/www.assisi-schule-ostbevern.de\/wordpress\/wp-content\/uploads\/2012\/09\/schulhof_03-300x225.jpg 300w, https:\/\/www.assisi-schule-ostbevern.de\/wordpress\/wp-content\/uploads\/2012\/09\/schulhof_03.jpg 900w\" sizes=\"auto, (max-width: 240px) 100vw, 240px\" \/><img loading=\"lazy\" decoding=\"async\" class=\" wp-image-177 alignnone\" title=\"schulhof_04\" src=\"http:\/\/www.assisi-schule-ostbevern.de\/wordpress\/wp-content\/uploads\/2012\/09\/schulhof_04-300x225.jpg\" alt=\"\" width=\"240\" height=\"180\" srcset=\"https:\/\/www.assisi-schule-ostbevern.de\/wordpress\/wp-content\/uploads\/2012\/09\/schulhof_04-300x225.jpg 300w, https:\/\/www.assisi-schule-ostbevern.de\/wordpress\/wp-content\/uploads\/2012\/09\/schulhof_04.jpg 900w\" sizes=\"auto, (max-width: 240px) 100vw, 240px\" \/><\/p>\n","protected":false},"excerpt":{"rendered":"<p>Am 15. August 1996 begann der Unterricht in der neu gegr\u00fcndeten Schule, der Katholischen Grundschule II. Ihren Namen \u201eFranz-von-Assisi-Schule\u201c tr\u00e4gt sie seit Juni 1997. Unser jetziges Schulgeb\u00e4ude wurde 1998 bezogen. Bei der Planung wurde darauf geachtet, dass es den Bed\u00fcrfnissen von Kindern und den Anspr\u00fcchen von\u00a0 Erziehung und Bildung gerecht wird. So sind die R\u00e4umlichkeiten [&hellip;]<\/p>\n","protected":false},"author":3,"featured_media":0,"parent":7,"menu_order":0,"comment_status":"open","ping_status":"open","template":"","meta":{"footnotes":""},"class_list":["post-11","page","type-page","status-publish","hentry"],"_links":{"self":[{"href":"https:\/\/www.assisi-schule-ostbevern.de\/index.php?rest_route=\/wp\/v2\/pages\/11","targetHints":{"allow":["GET"]}}],"collection":[{"href":"https:\/\/www.assisi-schule-ostbevern.de\/index.php?rest_route=\/wp\/v2\/pages"}],"about":[{"href":"https:\/\/www.assisi-schule-ostbevern.de\/index.php?rest_route=\/wp\/v2\/types\/page"}],"author":[{"embeddable":true,"href":"https:\/\/www.assisi-schule-ostbevern.de\/index.php?rest_route=\/wp\/v2\/users\/3"}],"replies":[{"embeddable":true,"href":"https:\/\/www.assisi-schule-ostbevern.de\/index.php?rest_route=%2Fwp%2Fv2%2Fcomments&post=11"}],"version-history":[{"count":29,"href":"https:\/\/www.assisi-schule-ostbevern.de\/index.php?rest_route=\/wp\/v2\/pages\/11\/revisions"}],"predecessor-version":[{"id":205,"href":"https:\/\/www.assisi-schule-ostbevern.de\/index.php?rest_route=\/wp\/v2\/pages\/11\/revisions\/205"}],"up":[{"embeddable":true,"href":"https:\/\/www.assisi-schule-ostbevern.de\/index.php?rest_route=\/wp\/v2\/pages\/7"}],"wp:attachment":[{"href":"https:\/\/www.assisi-schule-ostbevern.de\/index.php?rest_route=%2Fwp%2Fv2%2Fmedia&parent=11"}],"curies":[{"name":"wp","href":"https:\/\/api.w.org\/{rel}","templated":true}]}}