{"id":1371,"date":"2015-02-24T11:12:15","date_gmt":"2015-02-24T11:12:15","guid":{"rendered":"http:\/\/www.assisi-schule-ostbevern.de\/?page_id=1371"},"modified":"2025-09-09T08:06:47","modified_gmt":"2025-09-09T08:06:47","slug":"unsere-streitschlichter-und-streitschlichterinnen","status":"publish","type":"page","link":"https:\/\/www.assisi-schule-ostbevern.de\/?page_id=1371","title":{"rendered":"Unsere Streitschlichter und Streitschlichterinnen"},"content":{"rendered":"<h2><span style=\"color: #000000;\">An unserer Grundschule gibt es <\/span><\/h2>\n<h2><span style=\"color: #ff0000;\">Streitschlichter und Streitschlichterinnen.<\/span><\/h2>\n<p><img loading=\"lazy\" decoding=\"async\" class=\"alignnone size-large wp-image-8021\" src=\"https:\/\/www.assisi-schule-ostbevern.de\/wordpress\/wp-content\/uploads\/2025\/09\/Streitschlichtung-1024x733.jpeg\" alt=\"\" width=\"1024\" height=\"733\" srcset=\"https:\/\/www.assisi-schule-ostbevern.de\/wordpress\/wp-content\/uploads\/2025\/09\/Streitschlichtung-1024x733.jpeg 1024w, https:\/\/www.assisi-schule-ostbevern.de\/wordpress\/wp-content\/uploads\/2025\/09\/Streitschlichtung-600x430.jpeg 600w, https:\/\/www.assisi-schule-ostbevern.de\/wordpress\/wp-content\/uploads\/2025\/09\/Streitschlichtung-768x550.jpeg 768w, https:\/\/www.assisi-schule-ostbevern.de\/wordpress\/wp-content\/uploads\/2025\/09\/Streitschlichtung.jpeg 1398w\" sizes=\"auto, (max-width: 1024px) 100vw, 1024px\" \/><\/p>\n<p><span style=\"color: #000080;\">Wenn ihr einen Streit habt, sprecht 2 Streitschlichter\/innen an!<\/span><br \/>\n<span style=\"color: #000080;\"> Wir versuchen, euch zu helfen, eine L\u00f6sung zu finden,<\/span><br \/>\n<span style=\"color: #000080;\"> die f\u00fcr euch in Ordnung ist.<\/span><\/p>\n<p><span style=\"color: #808000;\">Wir halten alles geheim, was ihr uns sagt.<\/span><\/p>\n<p><span style=\"color: #000080;\">In den Pausen tragen immer 2 Kinder von uns Sch\u00e4rpen, damit ihr uns erkennt.<\/span><br \/>\n<span style=\"color: #000080;\"> Im Forum unserer Schule h\u00e4ngt ein gro\u00dfes Plakat mit den Fotos und Namen aller ausgebildeten Streitschlichter und Streitschlichterinnen.<\/span><\/p>\n<p><strong>Wir freuen uns sehr, wenn ihr zu uns kommt!<\/strong><br \/>\n<strong>Sprecht uns an!<\/strong><\/p>\n<p>&nbsp;<\/p>\n<p>&nbsp;<\/p>\n<p>&nbsp;<\/p>\n<p>&nbsp;<\/p>\n","protected":false},"excerpt":{"rendered":"<p>An unserer Grundschule gibt es Streitschlichter und Streitschlichterinnen. Wenn ihr einen Streit habt, sprecht 2 Streitschlichter\/innen an! Wir versuchen, euch zu helfen, eine L\u00f6sung zu finden, die f\u00fcr euch in Ordnung ist. Wir halten alles geheim, was ihr uns sagt. In den Pausen tragen immer 2 Kinder von uns Sch\u00e4rpen, damit ihr uns erkennt. Im [&hellip;]<\/p>\n","protected":false},"author":3,"featured_media":0,"parent":0,"menu_order":0,"comment_status":"closed","ping_status":"closed","template":"","meta":{"footnotes":""},"class_list":["post-1371","page","type-page","status-publish","hentry"],"_links":{"self":[{"href":"https:\/\/www.assisi-schule-ostbevern.de\/index.php?rest_route=\/wp\/v2\/pages\/1371","targetHints":{"allow":["GET"]}}],"collection":[{"href":"https:\/\/www.assisi-schule-ostbevern.de\/index.php?rest_route=\/wp\/v2\/pages"}],"about":[{"href":"https:\/\/www.assisi-schule-ostbevern.de\/index.php?rest_route=\/wp\/v2\/types\/page"}],"author":[{"embeddable":true,"href":"https:\/\/www.assisi-schule-ostbevern.de\/index.php?rest_route=\/wp\/v2\/users\/3"}],"replies":[{"embeddable":true,"href":"https:\/\/www.assisi-schule-ostbevern.de\/index.php?rest_route=%2Fwp%2Fv2%2Fcomments&post=1371"}],"version-history":[{"count":30,"href":"https:\/\/www.assisi-schule-ostbevern.de\/index.php?rest_route=\/wp\/v2\/pages\/1371\/revisions"}],"predecessor-version":[{"id":8023,"href":"https:\/\/www.assisi-schule-ostbevern.de\/index.php?rest_route=\/wp\/v2\/pages\/1371\/revisions\/8023"}],"wp:attachment":[{"href":"https:\/\/www.assisi-schule-ostbevern.de\/index.php?rest_route=%2Fwp%2Fv2%2Fmedia&parent=1371"}],"curies":[{"name":"wp","href":"https:\/\/api.w.org\/{rel}","templated":true}]}}