{"id":15,"date":"2012-08-19T11:05:12","date_gmt":"2012-08-19T11:05:12","guid":{"rendered":"http:\/\/www.franz-von-assisi-schule-ostbevern.de\/wordpress\/?page_id=15"},"modified":"2025-07-19T08:16:39","modified_gmt":"2025-07-19T08:16:39","slug":"eine-welt-projekt-hakuna-matata","status":"publish","type":"page","link":"https:\/\/www.assisi-schule-ostbevern.de\/?page_id=15","title":{"rendered":"Eine &#8211; Welt &#8211; Projekt"},"content":{"rendered":"<p>Die Beschreibung unserer p\u00e4dagogischen Grundorientierung bringt zum Ausdruck, dass wir uns in der Schule als Gemeinschaft erfahren wollen, in der sich alle immer wieder auf den Weg machen, Verantwortung f\u00fcr sich und andere zu \u00fcbernehmen. Indem wir sensibel sind f\u00fcr die Pers\u00f6nlichkeit und die F\u00e4higkeiten des anderen, lernen wir Toleranz und Wertsch\u00e4tzung von Anderssein. Diese Gedanken versuchen wir in der Schule zu leben.<\/p>\n<p>Dar\u00fcber hinaus ist es unser Ziel, dass sich die Sch\u00fcler und Sch\u00fclerinnen mit anderen Kulturen und anderen sozialen Systemen befassen und den \u201eBlick \u00fcber den Tellerrand\u201c wagen. Die \u00dcberlegung, dass Kinder und Erwachsene in Ostbevern auch einen Beitrag dazu leisten k\u00f6nnen, dass anderen Menschen die M\u00f6glichkeit gegeben wird, ihre Grundbed\u00fcrfnisse nach Essen, Kleidung, Lernen, Gesundheit und Spielen ein wenig mehr zu erf\u00fcllen, f\u00fchrte Ende 2001 zu der Entscheidung, das Eine-Welt-Projekt \u201eHakuna Matata\u201c in Ilheus\/Brasilien zu unterst\u00fctzen. Wir blicken auf viele Jahre der gemeinsamen Zusammenarbeit mit dem Verein DEBRA (Deutschland Brasilien Hilfe)e.V. mit den Vorsitzenden Peter Rodermund und seinem Zwillingsbruder Hardy, der in Brasilien lebt, zur\u00fcck. Im Jahr 2024 wurde dieser Verein jedoch aufgel\u00f6st. Das Projekt bleibt dabei weiter bestehen, es k\u00f6nnen aber keine Spenden mehr daf\u00fcr gesammelt werden.<\/p>\n<p>Aus diesem Grund entschied sich unsere Schule, nach einem neuen Projekt zu suchen, das unterst\u00fctzt werden k\u00f6nnte, da es uns weiterhin ein gro\u00dfes Anliegen ist, mit den Kindern gemeinsam &#8222;\u00fcber den Tellerrand&#8220; zu schauen und Verantwortung zu \u00fcbernehmen. Dabei sind wir auf den in Ostbevern ans\u00e4ssigen Verein &#8222;1000 H\u00fcgel&#8220; gesto\u00dfen. Dieser engagiert sich besonders f\u00fcr die Menschen in Ruanda. Hier einige Informationen zu den Projekten des Vereins &#8222;1000 H\u00fcgel&#8220;, den wir seit dem Jahr 2025 als Franz-von-Assisi-Schule nun regelm\u00e4\u00dfig unterst\u00fctzen wollen:<\/p>\n<h2>\u00dcber den Tellerrand schauen<\/h2>\n<p>Nachdem wir im letzten Jahr die Zusammenarbeit mit dem Verein DEBRA (Deutschland Brasilien Hilfe) e.V. beenden mussten, da der Verein sich aufgel\u00f6st hat, suchten wir als Assisi-Schule nach einem neuen Projekt, das wir unterst\u00fctzen wollen, da es uns wichtig ist, dass wir \u00fcber den Tellerrand schauen und uns f\u00fcr Menschen engagieren, denen es nicht so gut geht wie uns. Bei der Suche landeten wir sehr schnell bei dem Verein &#8222;1000 H\u00fcgel&#8220;, der von Menschen aus Ostbevern gegr\u00fcndet wurde. Mit Frau Fr\u00f6nd, der Vorsitzenden des Vereins, hatten wir auch in der Vergangenheit bereits Kontakt und hatten das Projekt bereits vor einigen Jahren mit einer Spende unterst\u00fctzt. Nun wollen wir die Zusammenarbeit intensivieren und die Arbeit des Vereins langfristig unterst\u00fctzen. Der Verein hat mehrere Projekte in Ruanda ins Leben gerufen, die daf\u00fcr sorgen sollen, dass die 17 Nachhaltigkeitsziele dort umgesetzt und unterst\u00fctzt werden k\u00f6nnen (z.B. Bildung f\u00fcr alle, sauberes Wasser, kein Hunger, &#8230;). Um den Kindern die Arbeit des Vereins und die konkreten Projekte nahe zu bringen, kam Frau Fr\u00f6nd nun in unsere Schule und erz\u00e4hlte in allen Klassen von den verschiedenen Aktivit\u00e4ten. Sie zeigte eindrucksvolle Bilder und erz\u00e4hlte die Geschichte vom kleinen Jungen Bosco, der in den H\u00fcgeln von Ruanda mit einer Gehbehinderung auf die Welt gekommen ist. Ohne Hilfe w\u00e4re es ihm nicht m\u00f6glich, sauberes Wasser zu erhalten, zur Schule oder zum Arzt zu gehen. Durch das Projekt &#8222;Bienfait&#8220; konnte dem Jungen geholfen werden. Er erhielt orthop\u00e4dische Schuhe, Gehhilfen und die Eltern wurden darin geschult, wie sie ihr Kind am besten unterst\u00fctzen k\u00f6nnen. Der Verein sorgt au\u00dferdem mit Wassertanks f\u00fcr sauberes Wasser und unterst\u00fctzt junge Teenager-M\u00fctter dabei, eine Ausbildung machen zu k\u00f6nnen. Frau Fr\u00f6nd ist selbst oft vor Ort, um die Menschen zu unterst\u00fctzen und konnte deshalb sehr konkret und vom Leben und den Bedingungen in Ruanda berichten. Die Kinder hatten viele Fragen und \u00fcberlegten gemeinsam mit Frau Fr\u00f6nd, wie man den Menschen vor Ort am besten helfen k\u00f6nnte, warum es so wichtig ist, sauberes Wasser zu haben und es wurde uns allen wieder vor Augen gef\u00fchrt, wie dankbar wir daf\u00fcr sein k\u00f6nnen, dass bei uns alle Kinder zur Schule gehen k\u00f6nnen, wir Zugang zu frischem Wasser haben und in der Regel auch niemand Hunger erleiden muss. Wir danken Frau Fr\u00f6nd, dass sie sich die Zeit genommen hat, den Kindern diesen Blick \u00fcber den Tellerrand zu erm\u00f6glichen und freuen uns auf die Zusammenarbet.\u00a0 Wer mehr \u00fcber die Arbeit des Vereins erfahren m\u00f6chte, findet hier weitere Informationen: <a href=\"https:\/\/1000huegel.de\/\">1000 H\u00fcgel e.V.<\/a><\/p>\n<p><img loading=\"lazy\" decoding=\"async\" class=\"alignnone size-medium wp-image-7494\" src=\"https:\/\/www.assisi-schule-ostbevern.de\/wordpress\/wp-content\/uploads\/2025\/01\/1-1-600x450.jpg\" alt=\"\" width=\"600\" height=\"450\" srcset=\"https:\/\/www.assisi-schule-ostbevern.de\/wordpress\/wp-content\/uploads\/2025\/01\/1-1-600x450.jpg 600w, https:\/\/www.assisi-schule-ostbevern.de\/wordpress\/wp-content\/uploads\/2025\/01\/1-1-1024x768.jpg 1024w, https:\/\/www.assisi-schule-ostbevern.de\/wordpress\/wp-content\/uploads\/2025\/01\/1-1-768x576.jpg 768w, https:\/\/www.assisi-schule-ostbevern.de\/wordpress\/wp-content\/uploads\/2025\/01\/1-1-1536x1152.jpg 1536w, https:\/\/www.assisi-schule-ostbevern.de\/wordpress\/wp-content\/uploads\/2025\/01\/1-1-2048x1536.jpg 2048w\" sizes=\"auto, (max-width: 600px) 100vw, 600px\" \/> <img loading=\"lazy\" decoding=\"async\" class=\"alignnone size-medium wp-image-7495\" src=\"https:\/\/www.assisi-schule-ostbevern.de\/wordpress\/wp-content\/uploads\/2025\/01\/2-1-600x450.jpg\" alt=\"\" width=\"600\" height=\"450\" srcset=\"https:\/\/www.assisi-schule-ostbevern.de\/wordpress\/wp-content\/uploads\/2025\/01\/2-1-600x450.jpg 600w, https:\/\/www.assisi-schule-ostbevern.de\/wordpress\/wp-content\/uploads\/2025\/01\/2-1-1024x768.jpg 1024w, https:\/\/www.assisi-schule-ostbevern.de\/wordpress\/wp-content\/uploads\/2025\/01\/2-1-768x576.jpg 768w, https:\/\/www.assisi-schule-ostbevern.de\/wordpress\/wp-content\/uploads\/2025\/01\/2-1-1536x1152.jpg 1536w, https:\/\/www.assisi-schule-ostbevern.de\/wordpress\/wp-content\/uploads\/2025\/01\/2-1-2048x1536.jpg 2048w\" sizes=\"auto, (max-width: 600px) 100vw, 600px\" \/> <img loading=\"lazy\" decoding=\"async\" class=\"alignnone size-medium wp-image-7496\" src=\"https:\/\/www.assisi-schule-ostbevern.de\/wordpress\/wp-content\/uploads\/2025\/01\/3-1-600x450.jpg\" alt=\"\" width=\"600\" height=\"450\" srcset=\"https:\/\/www.assisi-schule-ostbevern.de\/wordpress\/wp-content\/uploads\/2025\/01\/3-1-600x450.jpg 600w, https:\/\/www.assisi-schule-ostbevern.de\/wordpress\/wp-content\/uploads\/2025\/01\/3-1-1024x768.jpg 1024w, https:\/\/www.assisi-schule-ostbevern.de\/wordpress\/wp-content\/uploads\/2025\/01\/3-1-768x576.jpg 768w, https:\/\/www.assisi-schule-ostbevern.de\/wordpress\/wp-content\/uploads\/2025\/01\/3-1-1536x1152.jpg 1536w, https:\/\/www.assisi-schule-ostbevern.de\/wordpress\/wp-content\/uploads\/2025\/01\/3-1-2048x1536.jpg 2048w\" sizes=\"auto, (max-width: 600px) 100vw, 600px\" \/> <img loading=\"lazy\" decoding=\"async\" class=\"alignnone size-medium wp-image-7497\" src=\"https:\/\/www.assisi-schule-ostbevern.de\/wordpress\/wp-content\/uploads\/2025\/01\/4-1-600x450.jpg\" alt=\"\" width=\"600\" height=\"450\" srcset=\"https:\/\/www.assisi-schule-ostbevern.de\/wordpress\/wp-content\/uploads\/2025\/01\/4-1-600x450.jpg 600w, https:\/\/www.assisi-schule-ostbevern.de\/wordpress\/wp-content\/uploads\/2025\/01\/4-1-1024x768.jpg 1024w, https:\/\/www.assisi-schule-ostbevern.de\/wordpress\/wp-content\/uploads\/2025\/01\/4-1-768x576.jpg 768w, https:\/\/www.assisi-schule-ostbevern.de\/wordpress\/wp-content\/uploads\/2025\/01\/4-1-1536x1152.jpg 1536w, https:\/\/www.assisi-schule-ostbevern.de\/wordpress\/wp-content\/uploads\/2025\/01\/4-1-2048x1536.jpg 2048w\" sizes=\"auto, (max-width: 600px) 100vw, 600px\" \/> <img loading=\"lazy\" decoding=\"async\" class=\"alignnone size-medium wp-image-7498\" src=\"https:\/\/www.assisi-schule-ostbevern.de\/wordpress\/wp-content\/uploads\/2025\/01\/5-1-450x600.jpg\" alt=\"\" width=\"450\" height=\"600\" srcset=\"https:\/\/www.assisi-schule-ostbevern.de\/wordpress\/wp-content\/uploads\/2025\/01\/5-1-450x600.jpg 450w, https:\/\/www.assisi-schule-ostbevern.de\/wordpress\/wp-content\/uploads\/2025\/01\/5-1-768x1024.jpg 768w, https:\/\/www.assisi-schule-ostbevern.de\/wordpress\/wp-content\/uploads\/2025\/01\/5-1-1152x1536.jpg 1152w, https:\/\/www.assisi-schule-ostbevern.de\/wordpress\/wp-content\/uploads\/2025\/01\/5-1.jpg 1200w\" sizes=\"auto, (max-width: 450px) 100vw, 450px\" \/> <img loading=\"lazy\" decoding=\"async\" class=\"alignnone size-medium wp-image-7499\" src=\"https:\/\/www.assisi-schule-ostbevern.de\/wordpress\/wp-content\/uploads\/2025\/01\/6-1-450x600.jpg\" alt=\"\" width=\"450\" height=\"600\" srcset=\"https:\/\/www.assisi-schule-ostbevern.de\/wordpress\/wp-content\/uploads\/2025\/01\/6-1-450x600.jpg 450w, https:\/\/www.assisi-schule-ostbevern.de\/wordpress\/wp-content\/uploads\/2025\/01\/6-1-768x1024.jpg 768w, https:\/\/www.assisi-schule-ostbevern.de\/wordpress\/wp-content\/uploads\/2025\/01\/6-1-1152x1536.jpg 1152w, https:\/\/www.assisi-schule-ostbevern.de\/wordpress\/wp-content\/uploads\/2025\/01\/6-1.jpg 1200w\" sizes=\"auto, (max-width: 450px) 100vw, 450px\" \/> <img loading=\"lazy\" decoding=\"async\" class=\"alignnone size-medium wp-image-7500\" src=\"https:\/\/www.assisi-schule-ostbevern.de\/wordpress\/wp-content\/uploads\/2025\/01\/7-1-450x600.jpg\" alt=\"\" width=\"450\" height=\"600\" srcset=\"https:\/\/www.assisi-schule-ostbevern.de\/wordpress\/wp-content\/uploads\/2025\/01\/7-1-450x600.jpg 450w, https:\/\/www.assisi-schule-ostbevern.de\/wordpress\/wp-content\/uploads\/2025\/01\/7-1-768x1024.jpg 768w, https:\/\/www.assisi-schule-ostbevern.de\/wordpress\/wp-content\/uploads\/2025\/01\/7-1-1152x1536.jpg 1152w, https:\/\/www.assisi-schule-ostbevern.de\/wordpress\/wp-content\/uploads\/2025\/01\/7-1.jpg 1200w\" sizes=\"auto, (max-width: 450px) 100vw, 450px\" \/> <img loading=\"lazy\" decoding=\"async\" class=\"alignnone size-medium wp-image-7501\" src=\"https:\/\/www.assisi-schule-ostbevern.de\/wordpress\/wp-content\/uploads\/2025\/01\/8-1-450x600.jpg\" alt=\"\" width=\"450\" height=\"600\" srcset=\"https:\/\/www.assisi-schule-ostbevern.de\/wordpress\/wp-content\/uploads\/2025\/01\/8-1-450x600.jpg 450w, https:\/\/www.assisi-schule-ostbevern.de\/wordpress\/wp-content\/uploads\/2025\/01\/8-1-768x1024.jpg 768w, https:\/\/www.assisi-schule-ostbevern.de\/wordpress\/wp-content\/uploads\/2025\/01\/8-1-1152x1536.jpg 1152w, https:\/\/www.assisi-schule-ostbevern.de\/wordpress\/wp-content\/uploads\/2025\/01\/8-1.jpg 1200w\" sizes=\"auto, (max-width: 450px) 100vw, 450px\" \/><\/p>\n<p>&nbsp;<\/p>\n","protected":false},"excerpt":{"rendered":"<p>Die Beschreibung unserer p\u00e4dagogischen Grundorientierung bringt zum Ausdruck, dass wir uns in der Schule als Gemeinschaft erfahren wollen, in der sich alle immer wieder auf den Weg machen, Verantwortung f\u00fcr sich und andere zu \u00fcbernehmen. Indem wir sensibel sind f\u00fcr die Pers\u00f6nlichkeit und die F\u00e4higkeiten des anderen, lernen wir Toleranz und Wertsch\u00e4tzung von Anderssein. Diese [&hellip;]<\/p>\n","protected":false},"author":3,"featured_media":0,"parent":7,"menu_order":0,"comment_status":"open","ping_status":"open","template":"","meta":{"footnotes":""},"class_list":["post-15","page","type-page","status-publish","hentry"],"_links":{"self":[{"href":"https:\/\/www.assisi-schule-ostbevern.de\/index.php?rest_route=\/wp\/v2\/pages\/15","targetHints":{"allow":["GET"]}}],"collection":[{"href":"https:\/\/www.assisi-schule-ostbevern.de\/index.php?rest_route=\/wp\/v2\/pages"}],"about":[{"href":"https:\/\/www.assisi-schule-ostbevern.de\/index.php?rest_route=\/wp\/v2\/types\/page"}],"author":[{"embeddable":true,"href":"https:\/\/www.assisi-schule-ostbevern.de\/index.php?rest_route=\/wp\/v2\/users\/3"}],"replies":[{"embeddable":true,"href":"https:\/\/www.assisi-schule-ostbevern.de\/index.php?rest_route=%2Fwp%2Fv2%2Fcomments&post=15"}],"version-history":[{"count":25,"href":"https:\/\/www.assisi-schule-ostbevern.de\/index.php?rest_route=\/wp\/v2\/pages\/15\/revisions"}],"predecessor-version":[{"id":7509,"href":"https:\/\/www.assisi-schule-ostbevern.de\/index.php?rest_route=\/wp\/v2\/pages\/15\/revisions\/7509"}],"up":[{"embeddable":true,"href":"https:\/\/www.assisi-schule-ostbevern.de\/index.php?rest_route=\/wp\/v2\/pages\/7"}],"wp:attachment":[{"href":"https:\/\/www.assisi-schule-ostbevern.de\/index.php?rest_route=%2Fwp%2Fv2%2Fmedia&parent=15"}],"curies":[{"name":"wp","href":"https:\/\/api.w.org\/{rel}","templated":true}]}}