{"id":197,"date":"2012-09-29T12:42:42","date_gmt":"2012-09-29T12:42:42","guid":{"rendered":"http:\/\/www.franz-von-assisi-schule-ostbevern.de\/wordpress\/?page_id=197"},"modified":"2026-03-28T08:31:39","modified_gmt":"2026-03-28T08:31:39","slug":"impressum","status":"publish","type":"page","link":"https:\/\/www.assisi-schule-ostbevern.de\/?page_id=197","title":{"rendered":"Impressum"},"content":{"rendered":"<p>&nbsp;<\/p>\n<h2>I. Impressum<\/h2>\n<h3>Angaben gem\u00e4\u00df \u00a7 5 Telemediengesetz (TMG)<\/h3>\n<p><strong>Diensteanbieter<\/strong><\/p>\n<p>Franz-von-Assisi-Schule<\/p>\n<p><strong>vertreten durch<\/strong><br \/>\nElke Hohage<br \/>\nSchulleiterin<\/p>\n<p>Schulstr. 15<\/p>\n<p>48346 Ostbevern<\/p>\n<p>Tel. 02532\/90230<\/p>\n<p>Fax 02532\/90239<\/p>\n<p><a href=\"http:\/\/www.assisi-schule-ostbevern.de\/\">assisi-schule-ostbevern.de<\/a><\/p>\n<p><strong>Datenschutzbeauftragte<\/strong><\/p>\n<p>datenschutz.waf2@bdsb.nrw.schule<\/p>\n<p><strong>Zust\u00e4ndige Aufsichtsbeh\u00f6rde ist<\/strong><\/p>\n<p>Die Landesbeauftragte f\u00fcr Datenschutz und Informationsfreiheit NRW (LDI)<br \/>\nPostfach 20 04 44<br \/>\n40102 D\u00fcsseldorf<br \/>\nTel.: 0211\/38424-0<br \/>\nE-Mail: poststelle@ldi.nrw.de<\/p>\n<p><strong>Hinweis zur Haftung f\u00fcr Inhalte und Links<\/strong><\/p>\n<p>Die Informationen des vorliegenden Angebotes werden st\u00e4ndig aktualisiert. Trotz sorgf\u00e4ltiger Bearbeitung k\u00f6nnen sich Daten ver\u00e4ndert haben oder Fehler aufgetreten sein. Hierf\u00fcr bitten wir um Verst\u00e4ndnis. Wir bitten um Benachrichtigung, wenn unsere eigenen Inhalte eventuell nicht v\u00f6llig fehlerfrei, aktuell und vollst\u00e4ndig sind.<\/p>\n<h3>Haftung im Sinne \u00a7 7 TMG<\/h3>\n<p>Die Schule stellt ihr Angebot unter folgenden Nutzungsbedingungen zur Verf\u00fcgung:<\/p>\n<p>Die Schule ist als Diensteanbieter nach \u00a7 7 Abs. 1 TMG f\u00fcr die eigenen Inhalte, die sie zur Nutzung bereith\u00e4lt, nach den geltenden Vorschriften verantwortlich. Die Haftung f\u00fcr Sch\u00e4den materieller oder ideeller Art, die durch die Nutzung der Inhalte verursacht wurden, ist ausgeschlossen, sofern nicht Vorsatz oder grobe Fahrl\u00e4ssigkeit vorliegt. Soweit ein Inhalt von dritter Seite erstellt ist, ist der Verfasser des jeweiligen Dokuments bzw. der Auftraggeber f\u00fcr den Inhalt verantwortlich.<\/p>\n<h3>Haftungsausschluss im Sinne \u00a7 8 TMG<\/h3>\n<p>Die Schule macht sich den Inhalt der per Hyperlinks zug\u00e4nglich gemachten fremden Inhalte ausdr\u00fccklich nicht zu eigen und kann deshalb f\u00fcr deren inhaltliche Korrektheit, Vollst\u00e4ndigkeit und Verf\u00fcgbarkeit keine Gew\u00e4hr leisten. Die Schule hat keinen Einfluss auf die aktuelle und zuk\u00fcnftige Gestaltung und auf Inhalte der gelinkten Seiten und distanziert sich ausdr\u00fccklich hiervon. Sofern die Schule feststellt oder davon Kenntnis erh\u00e4lt, dass sich auf verlinkten Seiten zwischenzeitlich rechtswidrige oder mit ihrem Leitbild unvereinbare Inhalte befinden, werden die entsprechenden Links unverz\u00fcglich entfernt.<\/p>\n<h3>Urheberrecht<\/h3>\n<p>Die durch die Seitenbetreiber erstellten und bereitgestellten Inhalte und Werke des vorliegenden Angebotes unterliegen dem deutschen Urheberrecht. Die Vervielf\u00e4ltigung, Bearbeitung, Verbreitung und jede Art der Verwertung au\u00dferhalb der Grenzen des Urheberrechtes bed\u00fcrfen \u2013 soweit nicht anders vermerkt &#8211; der schriftlichen Zustimmung des jeweiligen Autors bzw. Erstellers. Soweit die Inhalte auf den Seiten des vorliegenden Angebotes nicht vom Seitenbetreiber erstellt wurden, werden die Urheberrechte Dritter beachtet. Sollten Sie trotzdem auf eine Urheberrechtsverletzung aufmerksam werden, bitten wir um einen entsprechenden Hinweis. Bei Bekanntwerden von Rechtsverletzungen werden derartige Inhalte umgehend entfernt.<\/p>\n<h2>II. Datenschutzerkl\u00e4rung<\/h2>\n<p>Der Betreiber des vorliegenden Angebotes nimmt den Datenschutz ernst. Die Nutzung des Angebots ist, sofern nicht explizit darauf hingewiesen wird, ohne die Angabe von personenbezogenen Daten m\u00f6glich. Falls personenbezogene Daten, z. B. Name, Adresse, Telefonnummer, E-Mail-Adresse, erhoben werden, erfolgt dies auf freiwilliger Basis. Die erhobenen Daten werden nur f\u00fcr die bei der Erhebung angegeben Zwecke verarbeitet und ohne explizite Zustimmung nicht an Dritte weitergegeben.<\/p>\n<p>Trotz der ergriffenen technischen und organisatorischen Ma\u00dfnahmen zur Sicherheit der verarbeiteten Daten nach dem Stand der Technik ist ein l\u00fcckenloser Schutz bei einer Daten\u00fcbertragung \u00fcber das Internet, z. B. bei der Kommunikation per E-Mail oder der Nutzung freier, ungesch\u00fctzter WLAN-Hot-Spots, und dadurch ggf. ein unrechtm\u00e4\u00dfiger Zugriff durch unberechtigte Dritte, nicht m\u00f6glich.<\/p>\n<h3>Server-Log-Files<\/h3>\n<p>Bei der Nutzung des vorliegenden Angebotes werden durch den technischen Bereitsteller automatisch Informationen in so genannten Server-Log Files, die der verwendete Internetbrowser automatisch \u00fcbermittelt, erhoben und gespeichert. In den Log-Files sind folgende Daten enthalten:<\/p>\n<ul>\n<li>Browsertyp und Browserversion<\/li>\n<li>verwendetes Betriebssystem<\/li>\n<li>Referrer URL (Adresse der Seite, von der aus verwiesen wurde)<\/li>\n<li>Hostname des zugreifenden Rechners<\/li>\n<li>Internet-Service-Provider<\/li>\n<li>Uhrzeit der Serveranfrage<\/li>\n<li>\u00fcbertragene Datenmenge<\/li>\n<\/ul>\n<p>Die Daten dienen der Gew\u00e4hrleistung eines st\u00f6rungsfreien Betriebs des Angebotes und sind bestimmten Personen nicht zuordenbar. Eine Zusammenf\u00fchrung dieser Daten mit anderen Datenquellen wird nicht vorgenommen.<\/p>\n<h3>Cookies<\/h3>\n<p>Bei der Bereitstellung des vorliegenden Angebotes werden Cookies verwendet und auf Ihrem System abgelegt. Die Cookies werden zu den folgenden Zwecken verwendet:<\/p>\n<ul>\n<li>Erh\u00f6hung der Nutzerfreundlichkeit und Verbesserung des Nutzererlebnisses des Angebotes<\/li>\n<li>Analyse des Surfverhaltens<\/li>\n<\/ul>\n<p>Die Verarbeitung der durch die im Rahmen des Setzens von Cookies verarbeiteten Daten erfolgt auf Grundlage von \u00a7 15 (3) TMG sowie Art. 6 (1) lit. f DSGVO aus dem berechtigten Interesse an den oben genannten Zwecken. Die erhobenen Daten werden durch technische Ma\u00dfnahmen anonymisiert, dadurch ist eine Zuordnung der Daten zu Ihrer Person nicht m\u00f6glich.<br \/>\nDurch entsprechende Einstellungen in dem f\u00fcr die Nutzung des Angebotes eingesetzten Internetbrowsers k\u00f6nnen die Speicherung und \u00dcbermittlung der damit einhergehenden Daten verhindern und bereits abgelegte Cookies gel\u00f6scht werden. Dies kann jedoch zur Folge haben, dass nicht s\u00e4mtliche Funktionen des Angebots vollumf\u00e4nglich genutzt werden k\u00f6nnen.<\/p>\n<h3>Kontakt- und Bestellformulare<\/h3>\n<p>Es besteht ggf. das Angebot, auf elektronischem Wege Anfragen zu stellen und Bestellungen von Materialien vorzunehmen. Die zu diesen Zwecken erhobenen Daten werden nur f\u00fcr die Bearbeitung und Abwicklung der Anfragen bzw. Bestellungen sowie f\u00fcr Anschlussfragen verarbeitet. Die Daten werden nicht an unberechtigte Dritte weitergegeben. Ggf. erfolgt der Postversand von bestellten Materialien \u00fcber von dem Anbieter des Angebots beauftragten externen Dienstleistern, an welche die f\u00fcr den Versand erforderlichen Daten \u00fcbermittelt werden.<\/p>\n<p>Weitere Informationen hierzu finden sich in der Datenschutzerkl\u00e4rung von Facebook unter https:\/\/de-de.facebook.com\/policy.php.<\/p>\n<h3>L\u00f6schung und Sperrung von personenbezogenen Daten<\/h3>\n<p>Personenbezogene Daten werden nur f\u00fcr den Zeitraum gespeichert und verarbeitet, wie es die bei der Erhebung angegebenen Zwecke erfordern, oder soweit dies Gesetze und Vorschriften, denen der Verantwortliche unterworfen ist, vorsehen.<br \/>\nEntf\u00e4llt der bei der Erhebung angegebene Zweck, oder laufen gesetzm\u00e4\u00dfige Speicherfristen ab, werden die gespeicherten Daten gel\u00f6scht.<\/p>\n<h3>Rechte Betroffener<\/h3>\n<p>Betroffene haben jederzeit das Recht<\/p>\n<ul>\n<li>auf Auskunft \u00fcber die sie angehende Daten.<\/li>\n<li>auf Berichtigung unrichtiger sie angehender Daten.<\/li>\n<li>auf L\u00f6schung sie angehender Daten, wenn diese nicht mehr erforderlich sind, sie rechtswidrig verarbeitet werden oder die Einwilligung in die Verarbeitung widerrufen wurde.<\/li>\n<li>auf Einschr\u00e4nkung der Verarbeitung sie angehende Daten, um z. B. weitere Rechte geltend zu machen.<\/li>\n<li>auf Daten\u00fcbertragbarkeit sie angehende Daten, um diese ggf. anderen Verfahren zur Verf\u00fcgung zu stellen.<\/li>\n<li>auf Widerspruch, um in einer besonderen Situation der weiteren Verarbeitung der sie angehenden Daten zu widersprechen.<\/li>\n<\/ul>\n<p>Eine erteilte Einwilligung in die Verarbeitung personenbezogener Daten kann jederzeit widerrufen werden. Die betreffenden personenbezogenen Daten werden nach Widerruf nicht weiter verarbeitet, es sei denn, zwingende schutzw\u00fcrdige Gr\u00fcnde f\u00fcr die Verarbeitung \u00fcberwiegen die Interessen, Rechte und Freiheiten der betroffenen Person oder die Verarbeitung dient der Geltendmachung, Aus\u00fcbung oder Verteidigung von Rechtsanspr\u00fcchen. Betroffene wenden sich zur Wahrung ihrer Rechte an die im Impressum angegebene Kontaktadresse oder an die Administratoren des Angebots.<\/p>\n<p>Sollten Betroffene annehmen, dass ihre Daten unrechtm\u00e4\u00dfig verarbeitet wurden, k\u00f6nnen sie sich auch an die Landesbeauftragte f\u00fcr Datenschutz und Informationsfreiheit NRW, Kavalleriestr. 2-4, 40213 D\u00fcsseldorf, wenden.<\/p>\n<h3>Widerspruch Werbe-Mails<\/h3>\n<p>Der Nutzung von im Rahmen der Impressumspflicht ver\u00f6ffentlichten Kontaktdaten zur \u00dcbersendung von nicht ausdr\u00fccklich angeforderter Werbung und Informationsmaterialien wird hiermit ausdr\u00fccklich widersprochen. Der Betreiber der Seiten beh\u00e4lt sich ausdr\u00fccklich rechtliche Schritte im Falle der unverlangten Zusendung von Werbeinformationen<\/p>\n<p>&nbsp;<\/p>\n","protected":false},"excerpt":{"rendered":"<p>&nbsp; I. Impressum Angaben gem\u00e4\u00df \u00a7 5 Telemediengesetz (TMG) Diensteanbieter Franz-von-Assisi-Schule vertreten durch Elke Hohage Schulleiterin Schulstr. 15 48346 Ostbevern Tel. 02532\/90230 Fax 02532\/90239 assisi-schule-ostbevern.de Datenschutzbeauftragte datenschutz.waf2@bdsb.nrw.schule Zust\u00e4ndige Aufsichtsbeh\u00f6rde ist Die Landesbeauftragte f\u00fcr Datenschutz und Informationsfreiheit NRW (LDI) Postfach 20 04 44 40102 D\u00fcsseldorf Tel.: 0211\/38424-0 E-Mail: poststelle@ldi.nrw.de Hinweis zur Haftung f\u00fcr Inhalte und Links [&hellip;]<\/p>\n","protected":false},"author":3,"featured_media":0,"parent":0,"menu_order":0,"comment_status":"open","ping_status":"open","template":"","meta":{"footnotes":""},"class_list":["post-197","page","type-page","status-publish","hentry"],"_links":{"self":[{"href":"https:\/\/www.assisi-schule-ostbevern.de\/index.php?rest_route=\/wp\/v2\/pages\/197","targetHints":{"allow":["GET"]}}],"collection":[{"href":"https:\/\/www.assisi-schule-ostbevern.de\/index.php?rest_route=\/wp\/v2\/pages"}],"about":[{"href":"https:\/\/www.assisi-schule-ostbevern.de\/index.php?rest_route=\/wp\/v2\/types\/page"}],"author":[{"embeddable":true,"href":"https:\/\/www.assisi-schule-ostbevern.de\/index.php?rest_route=\/wp\/v2\/users\/3"}],"replies":[{"embeddable":true,"href":"https:\/\/www.assisi-schule-ostbevern.de\/index.php?rest_route=%2Fwp%2Fv2%2Fcomments&post=197"}],"version-history":[{"count":8,"href":"https:\/\/www.assisi-schule-ostbevern.de\/index.php?rest_route=\/wp\/v2\/pages\/197\/revisions"}],"predecessor-version":[{"id":8334,"href":"https:\/\/www.assisi-schule-ostbevern.de\/index.php?rest_route=\/wp\/v2\/pages\/197\/revisions\/8334"}],"wp:attachment":[{"href":"https:\/\/www.assisi-schule-ostbevern.de\/index.php?rest_route=%2Fwp%2Fv2%2Fmedia&parent=197"}],"curies":[{"name":"wp","href":"https:\/\/api.w.org\/{rel}","templated":true}]}}