{"id":27,"date":"2012-08-19T11:06:58","date_gmt":"2012-08-19T11:06:58","guid":{"rendered":"http:\/\/www.franz-von-assisi-schule-ostbevern.de\/wordpress\/?page_id=27"},"modified":"2026-03-28T08:29:43","modified_gmt":"2026-03-28T08:29:43","slug":"kinder-machen-mit","status":"publish","type":"page","link":"https:\/\/www.assisi-schule-ostbevern.de\/?page_id=27","title":{"rendered":"Kinder machen mit"},"content":{"rendered":"<p><img loading=\"lazy\" decoding=\"async\" class=\"alignnone wp-image-350\" title=\"Betreuung\" src=\"http:\/\/www.assisi-schule-ostbevern.de\/wordpress\/wp-content\/uploads\/2012\/08\/Betreuung-600x504.jpg\" alt=\"\" width=\"259\" height=\"210\" \/><\/p>\n<div dir=\"ltr\">\n<p>&nbsp;<\/p>\n<\/div>\n<p>Jedes Kind kann dazu beitragen, dass sich alle in unserer Schule wohl f\u00fchlen. So ist jeder Sch\u00fcler und jede Sch\u00fclerin aufgefordert:\u00a0Sei aktiv, sage deine Meinung, h\u00f6re anderen zu und bestimme mit, wie sich unsere Schule weiter entwickeln soll.<\/p>\n<p><strong>Klassenrat<\/strong><\/p>\n<p>In der Klasse setzen wir uns regelm\u00e4\u00dfig zusammen und \u00fcberlegen, was gut war und was noch ver\u00e4ndert werden sollte. Gemeinsam suchen wir nach Verbesserungen und L\u00f6sungen. Zum Beispiel kl\u00e4ren wir Streit oder machen Vorschl\u00e4ge f\u00fcr neue Regeln, Anschaffungen, die Klassenraumgestaltung,\u2026 Wir lernen, Gespr\u00e4che so zu f\u00fchren, dass sich jede\/r angenommen f\u00fchlt.<\/p>\n<p>Bei den Klassenratssitzungen \u00fcbernimmt ein Kind die Gespr\u00e4chsleitung. Dabei wird es von einem Zeit- und Ruhew\u00e4chter unterst\u00fctzt. Ein weiteres Kind notiert Themen und wichtige Ergebnisse im Klassenratsbuch.<\/p>\n<p><strong>Schulparlament<\/strong><\/p>\n<p>Jede Klasse w\u00e4hlt einen Klassensprecher\/eine Klassensprecherin und einen Stellvertreter\/eine Stellvertreterin. Diese\u00a0 setzen sich f\u00fcr die Anliegen der Kinder ihrer Klasse ein. Sie treffen sich regelm\u00e4\u00dfig mit den Vertretern und Vertreterinnen der anderen Klassen im Schulparlament, um \u00fcber Themen zu sprechen, die alle angehen. Das sind zum Beispiel Absprachen f\u00fcr die Nutzung von Spielsachen, die Einhaltung von Regeln im Schulhaus\u2026 So wird unsere Schule durch die Mitarbeit der Kinder immer weiter entwickelt.<\/p>\n<p><strong>Kinderrat in der OGS<\/strong><\/p>\n<p>Immer, wenn die Lehrkr\u00e4fte eine Konferenz haben, wird in der OGS ein Kinderrat abgehalten. Dort k\u00f6nnen die Kinder \u00fcber ihre Themen, W\u00fcnsche, Fragen und Belange in der OGS sprechen. Die Mitarbeitenden tragen die Informationen zusammen und wissen so, was die Kinder besonders besch\u00e4ftigt. So k\u00f6nnen sie gemeinsam daraus Konsequenzen ziehen und \u00fcberlegen, was ver\u00e4ndert werden kann und welche Vorschl\u00e4ge von den Kindern umgesetzt werden k\u00f6nnen.<\/p>\n<p><strong>Streitschlichtung<\/strong><\/p>\n<p>Wo Menschen zusammenkommen, gibt es verschiedene Meinungen. Manchmal kommt es auch zum Streit. An unserer Schule werden einige Kinder der 3. Klassen zu Streitschlichtern und Streitschlichterinnen ausgebildet. Sie lernen, ein Streitschlichtergespr\u00e4ch zu f\u00fchren. So\u00a0 setzen sie sich daf\u00fcr ein, dass die streitenden Kinder zu einer L\u00f6sung finden, mit der beide einverstanden sind.<\/p>\n<p><strong>Patenschaften<\/strong><\/p>\n<p>Die Kinder der 4. Klassen kennen sich in unserer Schule schon besonders gut aus. Sie freuen sich \u2013 wie alle \u2013 auf die Erstkl\u00e4ssler\/innen, um ihnen stolz zu zeigen, was in unserer Schule los ist. Jedes Kind der 4. Klassen \u00fcbernimmt die Patenschaft f\u00fcr ein Kind der 1. Klassen So k\u00f6nnen diese sich im Schulhaus und auf dem Schulhof schnell zurechtfinden.<\/p>\n","protected":false},"excerpt":{"rendered":"<p>&nbsp; Jedes Kind kann dazu beitragen, dass sich alle in unserer Schule wohl f\u00fchlen. So ist jeder Sch\u00fcler und jede Sch\u00fclerin aufgefordert:\u00a0Sei aktiv, sage deine Meinung, h\u00f6re anderen zu und bestimme mit, wie sich unsere Schule weiter entwickeln soll. Klassenrat In der Klasse setzen wir uns regelm\u00e4\u00dfig zusammen und \u00fcberlegen, was gut war und was [&hellip;]<\/p>\n","protected":false},"author":3,"featured_media":0,"parent":25,"menu_order":0,"comment_status":"open","ping_status":"open","template":"","meta":{"footnotes":""},"class_list":["post-27","page","type-page","status-publish","hentry"],"_links":{"self":[{"href":"https:\/\/www.assisi-schule-ostbevern.de\/index.php?rest_route=\/wp\/v2\/pages\/27","targetHints":{"allow":["GET"]}}],"collection":[{"href":"https:\/\/www.assisi-schule-ostbevern.de\/index.php?rest_route=\/wp\/v2\/pages"}],"about":[{"href":"https:\/\/www.assisi-schule-ostbevern.de\/index.php?rest_route=\/wp\/v2\/types\/page"}],"author":[{"embeddable":true,"href":"https:\/\/www.assisi-schule-ostbevern.de\/index.php?rest_route=\/wp\/v2\/users\/3"}],"replies":[{"embeddable":true,"href":"https:\/\/www.assisi-schule-ostbevern.de\/index.php?rest_route=%2Fwp%2Fv2%2Fcomments&post=27"}],"version-history":[{"count":19,"href":"https:\/\/www.assisi-schule-ostbevern.de\/index.php?rest_route=\/wp\/v2\/pages\/27\/revisions"}],"predecessor-version":[{"id":8333,"href":"https:\/\/www.assisi-schule-ostbevern.de\/index.php?rest_route=\/wp\/v2\/pages\/27\/revisions\/8333"}],"up":[{"embeddable":true,"href":"https:\/\/www.assisi-schule-ostbevern.de\/index.php?rest_route=\/wp\/v2\/pages\/25"}],"wp:attachment":[{"href":"https:\/\/www.assisi-schule-ostbevern.de\/index.php?rest_route=%2Fwp%2Fv2%2Fmedia&parent=27"}],"curies":[{"name":"wp","href":"https:\/\/api.w.org\/{rel}","templated":true}]}}