{"id":29,"date":"2012-08-19T11:07:09","date_gmt":"2012-08-19T11:07:09","guid":{"rendered":"http:\/\/www.franz-von-assisi-schule-ostbevern.de\/wordpress\/?page_id=29"},"modified":"2025-07-19T08:27:23","modified_gmt":"2025-07-19T08:27:23","slug":"links","status":"publish","type":"page","link":"https:\/\/www.assisi-schule-ostbevern.de\/?page_id=29","title":{"rendered":"Links"},"content":{"rendered":"<p>Es ist nicht immer ganz einfach, sich im Internet zurechtzufinden. Deshalb findest du hier einige Internetadressen, die f\u00fcr dich interessant sein k\u00f6nnten:<\/p>\n<p><span style=\"color: #ff0000;\"><strong>Wichtig: <span style=\"color: #000000;\">Lass deine Eltern immer wissen, auf welchen Seiten du dich bewegst!<\/span><\/strong><\/span><\/p>\n<p><span style=\"color: #99cc00;\"><strong>aktuelle Seiten f\u00fcr die Zeit der Schulschlie\u00dfungen &#8230; und sicher auch dar\u00fcber hinaus<\/strong><\/span><\/p>\n<p><a href=\"https:\/\/www.planet-schule.de\/sf\/spezial\/grundschule\/index.php\"><span style=\"color: #000000;\"><strong>Planet Schule<\/strong><\/span><\/a> &#8211;\u00a0 Hier gibt es viele Filme, interaktive Spiele und didaktische Begleit- und Arbeitsmaterialien, die alle f\u00fcr den Einsatz in der Grundschule geeignet sind.<\/p>\n<p><a href=\"https:\/\/www1.wdr.de\/schule\/digital\/unterrichtsmaterial\/grundschule-108.html\"><strong>WDR &#8211; Schule digital<\/strong><\/a> &#8211; Hier stellt der WDR ausgew\u00e4hlte Apps, interaktive H\u00f6rspiele, VR-Angebote, Webseiten und Filme f\u00fcr die Grundschule vor.<\/p>\n<p><a href=\"https:\/\/www.br.de\/alphalernen\/neu-portal-alpha-lernen-100.html\"><strong>BR alpha Lernen<\/strong><\/a> &#8211; Hier gibt es zu sehr vielen F\u00e4chern unterschiedliche Angebote des Bayrischen Rundfunks. Auch hier wird man f\u00fcr die Grundschule schnell f\u00fcndig.<\/p>\n<p><a href=\"https:\/\/www.kindernetz.de\/home\/-\/id=4390\/fq7oka\/index.html\"><strong>SWR-Kindernetz<\/strong><\/a> &#8211; Hier gibt es viele kindgerechte Beitr\u00e4ge zu den unterschiedlichsten Themen.<\/p>\n<p><a href=\"https:\/\/padlet.com\/dirkoertker\/h7cb387ajg0b\"><strong>Bewegungsideen<\/strong><\/a> &#8211; Ein Regal voller guter Bewegungsideen, in dem man st\u00f6bern kann und eine Reihe von guten Anregungen f\u00fcr zu Hause im Garten oder auf der Parkbank finden kann. Sogar ein Profifu\u00dfballer von Schalke 04 Ahmed Kutucu gibt eine Reihe von Tipps, um mit dem Ball der Langeweile und der eingeschr\u00e4nkten Bewegungsfreiheit zu begegnen. Aber auch an die j\u00fcngeren Sch\u00fclerinnen und Sch\u00fcler ist gedacht. Vom Jonglieren \u00fcber spezielle Tanzideen bis hin zur Kinderyoga haben sie interessante Dinge ins Regal gestellt.<\/p>\n<p><span style=\"color: #99cc00;\"><strong>Suchmaschinen<\/strong><strong>\u00a0<\/strong><\/span><\/p>\n<p><a href=\"http:\/\/www.frag-finn.de\/\"><strong>Frag Finn<\/strong><\/a> &#8211; Suchmaschine mit umfangreichem und vielf\u00e4ltigem Angebot aus den Bereichen Nachrichten, Spiele und Schulwissen.<\/p>\n<p><a href=\"http:\/\/www.helles-koepfchen.de\/\"><strong>Helles K\u00f6pfchen<\/strong><\/a> &#8211; Eine Suchmaschine mit zus\u00e4tzlichen Angeboten wie Freizeittipps, Online-Spielen und Wissenswertes rund um Geschichte, Natur&#8230; .<\/p>\n<p>&nbsp;<\/p>\n<p><strong><span style=\"color: #99cc00;\">Deutsch<\/span><\/strong><\/p>\n<p><a href=\"https:\/\/www.einfachvorlesen.de\/\"><strong>Vorlesen<\/strong><\/a> &#8211; Hier gibt es jeden Freitag neue Vorlesegeschichten zu verschiedenen Themen, die dann f\u00fcr 4 Wochen online sind. Es gibt Geschichten ab 3 Jahren, ab 5 Jahren, ab 7 Jahren.<\/p>\n<p><a href=\"http:\/\/www.amira-lesen.de\/\"><strong>Amira<\/strong><\/a> &#8211; Dies ist ein Leseprogramm f\u00fcr Grundsch\u00fcler in 9 verschiedenen Sprachen.<\/p>\n<p>&nbsp;<\/p>\n<p><span style=\"color: #99cc00;\"><strong>Sachunterricht<\/strong><\/span><\/p>\n<p><a href=\"https:\/\/www.hamsterkiste.de\/\"><strong>Hamsterkiste<\/strong><\/a> &#8211; Hier gibt es interessante Lerngeschichten, \u00dcbungsbl\u00e4tter sowie Informationen und tolle Vorschl\u00e4ge f\u00fcr Experimente.<\/p>\n<p><a href=\"http:\/\/www.wdrmaus.de\/\"><strong>Die Sendung mit der Maus<\/strong><\/a> &#8211; Umfangreiches Angebot rund um die Sendung mit der Maus (Lach- und Sachgeschichten, H\u00f6rgeschichten, Spiele, &#8230;).<\/p>\n<p><a href=\"http:\/\/www.solarbiker.de\/\"><strong>Solarbiker<\/strong><\/a> &#8211; Alles rund um das Thema Solarenergie. Hier kannst du auch einen Fahrradfahrer, der von Solarenergie betrieben wird, zusammenbauen.<\/p>\n<p><a href=\"http:\/\/www.esa.int\/esaKIDSde\/index.html\"><strong>Weltraumorganisation ESA<\/strong><\/a> &#8211; Hier wird anschaulich die Geschichte des Universums und des Sonnensystems erkl\u00e4rt und du kannst dir auch Weltraumbilder aus der Astronautenperspektive anschauen.<\/p>\n<p><a href=\"http:\/\/www.tierchenwelt.de\"><strong>Tierchenwelt<\/strong><\/a> &#8211; Alles rund um die Welt der Tiere.<\/p>\n<p>&nbsp;<\/p>\n<p><span style=\"color: #acc30e;\"><strong>Mathematik<\/strong><\/span><\/p>\n<p><a href=\"http:\/\/www.mathematikus.de\"><strong>Mathematikus<\/strong><\/a> &#8211; Hier kannst du die Geometrie entdecken. Basteln und falten, sowie Aufgaben zu W\u00fcrfelgeb\u00e4uden kannst du hier online bearbeiten.<\/p>\n<p>&nbsp;<\/p>\n<p><span style=\"color: #acc30e;\"><strong>Spiele\/Apps<\/strong><\/span><\/p>\n<p><a href=\"https:\/\/www.wdrmaus.de\/extras\/mausapp.php5\"><strong>Die Sendung mit der Maus<\/strong><\/a> &#8211; Eine App rund um die Sendung mit der Maus.<\/p>\n<p><a href=\"https:\/\/anton.app\/de\/\"><strong>Anton<\/strong><\/a> &#8211; Dies ist eine Lernapp f\u00fcr die F\u00e4cher Mathe, Deutsch (auch DaZ), Sachunterricht und Musik f\u00fcr die Klassen 1 bis 10.<\/p>\n<p>&nbsp;<\/p>\n<p><strong><span style=\"color: #acc30e;\">Ideenbank<\/span><br \/>\n<\/strong><\/p>\n<p><a href=\"http:\/\/www.labbe.de\/\"><strong>Labb\u00e9<\/strong><\/a> &#8211; Ideenbank mit vielen Anregungen zum Basteln, Spielen, Singen, Experimentieren und vielem mehr.<\/p>\n<p><a href=\"http:\/\/www.kidsweb.de\/\"><strong>Kidsweb<\/strong><\/a> &#8211; Ideenbank zu Tieren, Experimenten, Umwelttipps, Buchempfehlungen und vieles mehr.<\/p>\n<p><a href=\"https:\/\/kinder.wdr.de\/radio\/kiraka\/\"><strong>Kiraka <\/strong><\/a>&#8211; Radio f\u00fcr Kinder. Hier gibt es aktuelle Nachrichten, aber auch Spiele, Freizeittipps&#8230; .<\/p>\n<p>&nbsp;<\/p>\n<p><span style=\"color: #acc30e;\"><strong>F\u00fcr dich und deine Eltern<\/strong><\/span><\/p>\n<p><a href=\"http:\/\/www.internet-abc.de\/kinder\/\"><strong>Internet-ABC<\/strong><\/a> -Interessante Internetseite mit Informationen und Spielen f\u00fcr dich und deine Eltern.<\/p>\n<p><a href=\"http:\/\/www.kinderinfo.de\/\"><strong>Kinderinfo<\/strong><\/a> &#8211; Informationssystem f\u00fcr dich und deine Eltern wie Computer, Flohm\u00e4rkten, Freizeit, Gesundheit,&#8230; .<\/p>\n","protected":false},"excerpt":{"rendered":"<p>Es ist nicht immer ganz einfach, sich im Internet zurechtzufinden. Deshalb findest du hier einige Internetadressen, die f\u00fcr dich interessant sein k\u00f6nnten: Wichtig: Lass deine Eltern immer wissen, auf welchen Seiten du dich bewegst! aktuelle Seiten f\u00fcr die Zeit der Schulschlie\u00dfungen &#8230; und sicher auch dar\u00fcber hinaus Planet Schule &#8211;\u00a0 Hier gibt es viele Filme, [&hellip;]<\/p>\n","protected":false},"author":3,"featured_media":0,"parent":25,"menu_order":0,"comment_status":"open","ping_status":"open","template":"","meta":{"footnotes":""},"class_list":["post-29","page","type-page","status-publish","hentry"],"_links":{"self":[{"href":"https:\/\/www.assisi-schule-ostbevern.de\/index.php?rest_route=\/wp\/v2\/pages\/29","targetHints":{"allow":["GET"]}}],"collection":[{"href":"https:\/\/www.assisi-schule-ostbevern.de\/index.php?rest_route=\/wp\/v2\/pages"}],"about":[{"href":"https:\/\/www.assisi-schule-ostbevern.de\/index.php?rest_route=\/wp\/v2\/types\/page"}],"author":[{"embeddable":true,"href":"https:\/\/www.assisi-schule-ostbevern.de\/index.php?rest_route=\/wp\/v2\/users\/3"}],"replies":[{"embeddable":true,"href":"https:\/\/www.assisi-schule-ostbevern.de\/index.php?rest_route=%2Fwp%2Fv2%2Fcomments&post=29"}],"version-history":[{"count":33,"href":"https:\/\/www.assisi-schule-ostbevern.de\/index.php?rest_route=\/wp\/v2\/pages\/29\/revisions"}],"predecessor-version":[{"id":8308,"href":"https:\/\/www.assisi-schule-ostbevern.de\/index.php?rest_route=\/wp\/v2\/pages\/29\/revisions\/8308"}],"up":[{"embeddable":true,"href":"https:\/\/www.assisi-schule-ostbevern.de\/index.php?rest_route=\/wp\/v2\/pages\/25"}],"wp:attachment":[{"href":"https:\/\/www.assisi-schule-ostbevern.de\/index.php?rest_route=%2Fwp%2Fv2%2Fmedia&parent=29"}],"curies":[{"name":"wp","href":"https:\/\/api.w.org\/{rel}","templated":true}]}}