{"id":33,"date":"2012-08-19T11:07:39","date_gmt":"2012-08-19T11:07:39","guid":{"rendered":"http:\/\/www.franz-von-assisi-schule-ostbevern.de\/wordpress\/?page_id=33"},"modified":"2025-09-27T08:59:01","modified_gmt":"2025-09-27T08:59:01","slug":"elternmitwirkung","status":"publish","type":"page","link":"https:\/\/www.assisi-schule-ostbevern.de\/?page_id=33","title":{"rendered":"Elternmitwirkung"},"content":{"rendered":"<p>Die Erziehung der Kinder ist eine gemeinsame Aufgabe von Eltern und Schule. Zu erfahren, dass Eltern und Schule Hand in Hand arbeiten, bedeutet f\u00fcr unsere Kinder klare Orientierung und Verl\u00e4sslichkeit. Dazu geh\u00f6ren das Miteinandersprechen und eine aktive Mitwirkung der Eltern im Schulalltag<\/p>\n<p>Bei folgenden Veranstaltungen wird die Mitwirkung von Eltern bei uns an der Franz-von-Assisi-Schule seit langem praktiziert:<\/p>\n<ul>\n<li>In der Klassenpflegschaft, Schulpflegschaft und Schulkonferenz beraten, informieren und entscheiden Eltern mit.<\/li>\n<li>Eltern unterst\u00fctzen den Unterricht (z.B. im Leseland, beim Basteln, Kochen \u2026).<\/li>\n<li>Eltern helfen aktiv mit z.B. beim Radfahrtraining, in der Mobilit\u00e4tswoche und beim j\u00e4hrlichen Sport- und Spieletag.<\/li>\n<li>Eltern engagieren sich bei Klassenfesten. Die Schulfeste oder die Projektwochen sind ohne ihre Mitarbeit nicht denkbar. Bei Unterrichtsg\u00e4ngen oder Wanderungen freuen wir uns \u00fcber die Begleitung von Eltern.<\/li>\n<li>Zu unseren Schulgottesdiensten und zum Jahreszeitensingen sind die Eltern stets eingeladen und herzlich willkommen.<\/li>\n<li>Viele Eltern engagieren sich zum Wohle der Kinder in unserem F\u00f6rderverein.<\/li>\n<li>Die Organisation und Ausleihe im Assisi-Leseland (die Sch\u00fclerb\u00fccherei) liegt in den H\u00e4nden eines engagierten Eltern-Teams<\/li>\n<\/ul>\n<p><strong>Elternvertreter\/innen<\/strong><\/p>\n<p>Zur Klassenpflegschaft geh\u00f6ren die Eltern der Sch\u00fclerinnen und Sch\u00fcler einer Klasse. Sie w\u00e4hlen zu Beginn des Schuljahres einen Vorsitzenden oder eine Vorsitzende und einen Stellvertreter oder eine Stellvertreterin.<\/p>\n<p>Zu den Schulpflegschaftssitzungen der Franz-von-Assisi-Schule werden immer alle Vorsitzenden und Stellvertreter\/innen der Klassen eingeladen, zurzeit sind es bei 9 Klassen 18 Eltern.<\/p>\n<p>Die Schulpflegschaft vertritt die Interessen der Eltern bei der Gestaltung der Bildungs- und Erziehungsarbeit der Schule. Sie ber\u00e4t \u00fcber alle wichtigen Angelegenheiten der Schule und kann Antr\u00e4ge an die Schulkonferenz richten.<\/p>\n<p>Die Schulpflegschaft w\u00e4hlt die Vertretung der Eltern f\u00fcr die Schulkonferenz, dem h\u00f6chsten Beschlussgremium der Schule. Es setzt sich aus Eltern und Lehrkr\u00e4ften zusammen, zuz\u00fcglich der Schulleiterin Elke Hohage als Vorsitzende.<\/p>\n<p style=\"text-align: center;\"><img loading=\"lazy\" decoding=\"async\" class=\"alignnone size-large wp-image-8059\" src=\"https:\/\/www.assisi-schule-ostbevern.de\/wordpress\/wp-content\/uploads\/2025\/09\/Schulpflegschaft-1024x733.jpg\" alt=\"\" width=\"1024\" height=\"733\" srcset=\"https:\/\/www.assisi-schule-ostbevern.de\/wordpress\/wp-content\/uploads\/2025\/09\/Schulpflegschaft-1024x733.jpg 1024w, https:\/\/www.assisi-schule-ostbevern.de\/wordpress\/wp-content\/uploads\/2025\/09\/Schulpflegschaft-600x429.jpg 600w, https:\/\/www.assisi-schule-ostbevern.de\/wordpress\/wp-content\/uploads\/2025\/09\/Schulpflegschaft-768x549.jpg 768w, https:\/\/www.assisi-schule-ostbevern.de\/wordpress\/wp-content\/uploads\/2025\/09\/Schulpflegschaft-1536x1099.jpg 1536w, https:\/\/www.assisi-schule-ostbevern.de\/wordpress\/wp-content\/uploads\/2025\/09\/Schulpflegschaft-2048x1465.jpg 2048w\" sizes=\"auto, (max-width: 1024px) 100vw, 1024px\" \/><\/p>\n<p>Schulpflegschaftsvorsitzende: Frau Klaucke (links im Bild)<\/p>\n<p>Stellvertreterin: Frau Fr\u00f6nd (rechts im Bild)<\/p>\n<p>Kontakt: elternvertretung@fva-ostbevern.de<\/p>\n","protected":false},"excerpt":{"rendered":"<p>Die Erziehung der Kinder ist eine gemeinsame Aufgabe von Eltern und Schule. Zu erfahren, dass Eltern und Schule Hand in Hand arbeiten, bedeutet f\u00fcr unsere Kinder klare Orientierung und Verl\u00e4sslichkeit. Dazu geh\u00f6ren das Miteinandersprechen und eine aktive Mitwirkung der Eltern im Schulalltag Bei folgenden Veranstaltungen wird die Mitwirkung von Eltern bei uns an der Franz-von-Assisi-Schule [&hellip;]<\/p>\n","protected":false},"author":3,"featured_media":0,"parent":31,"menu_order":0,"comment_status":"open","ping_status":"open","template":"","meta":{"footnotes":""},"class_list":["post-33","page","type-page","status-publish","hentry"],"_links":{"self":[{"href":"https:\/\/www.assisi-schule-ostbevern.de\/index.php?rest_route=\/wp\/v2\/pages\/33","targetHints":{"allow":["GET"]}}],"collection":[{"href":"https:\/\/www.assisi-schule-ostbevern.de\/index.php?rest_route=\/wp\/v2\/pages"}],"about":[{"href":"https:\/\/www.assisi-schule-ostbevern.de\/index.php?rest_route=\/wp\/v2\/types\/page"}],"author":[{"embeddable":true,"href":"https:\/\/www.assisi-schule-ostbevern.de\/index.php?rest_route=\/wp\/v2\/users\/3"}],"replies":[{"embeddable":true,"href":"https:\/\/www.assisi-schule-ostbevern.de\/index.php?rest_route=%2Fwp%2Fv2%2Fcomments&post=33"}],"version-history":[{"count":26,"href":"https:\/\/www.assisi-schule-ostbevern.de\/index.php?rest_route=\/wp\/v2\/pages\/33\/revisions"}],"predecessor-version":[{"id":8063,"href":"https:\/\/www.assisi-schule-ostbevern.de\/index.php?rest_route=\/wp\/v2\/pages\/33\/revisions\/8063"}],"up":[{"embeddable":true,"href":"https:\/\/www.assisi-schule-ostbevern.de\/index.php?rest_route=\/wp\/v2\/pages\/31"}],"wp:attachment":[{"href":"https:\/\/www.assisi-schule-ostbevern.de\/index.php?rest_route=%2Fwp%2Fv2%2Fmedia&parent=33"}],"curies":[{"name":"wp","href":"https:\/\/api.w.org\/{rel}","templated":true}]}}