{"id":35,"date":"2012-08-19T11:07:53","date_gmt":"2012-08-19T11:07:53","guid":{"rendered":"http:\/\/www.franz-von-assisi-schule-ostbevern.de\/wordpress\/?page_id=35"},"modified":"2023-02-05T16:16:24","modified_gmt":"2023-02-05T16:16:24","slug":"elternbriefe","status":"publish","type":"page","link":"https:\/\/www.assisi-schule-ostbevern.de\/?page_id=35","title":{"rendered":"Elternbriefe"},"content":{"rendered":"<h2>Hier finden Sie noch einige \u00e4ltere Elternbriefe. Seit der Umstellung auf IServ werden die Elternbriefe per Mail verschickt und nicht mehr \u00fcber die Homepage verlinkt. Bei Fragen zu Elterninformationen melden Sie sich gerne bei uns in der Schule.<\/h2>\n<h3><a href=\"https:\/\/www.assisi-schule-ostbevern.de\/wordpress\/wp-content\/uploads\/2022\/04\/Eb_Maerz-2022_vor-Ostern.pdf\">Eb_M\u00e4rz 2022_vor Ostern<\/a><\/h3>\n<h3><a href=\"https:\/\/www.assisi-schule-ostbevern.de\/wordpress\/wp-content\/uploads\/2022\/03\/Einladung-Austausch-IServ.pdf\">Einladung Austausch IServ<\/a><\/h3>\n<h3><a href=\"https:\/\/www.assisi-schule-ostbevern.de\/wordpress\/wp-content\/uploads\/2022\/03\/KINDERBUeCHERFLOHMARKT-2022_Eb.pdf\">KINDERB\u00dcCHERFLOHMARKT 2022_Eb<\/a><\/h3>\n<h3><a href=\"https:\/\/www.assisi-schule-ostbevern.de\/wordpress\/wp-content\/uploads\/2022\/03\/49.-Elternbrief-Corona-Virus-10.03.2022.pdf\">49. Elternbrief Corona-Virus 10.03.2022<\/a><\/h3>\n<h3><a href=\"https:\/\/www.assisi-schule-ostbevern.de\/wordpress\/wp-content\/uploads\/2022\/03\/Formular-Bestaetigung-ueber-die-Durchfuehrung-der-Selbsttests_23.02.2022.pdf\">Formular Best\u00e4tigung \u00fcber die Durchf\u00fchrung der Selbsttests_23.02.2022<\/a><\/h3>\n<h3><a href=\"https:\/\/www.assisi-schule-ostbevern.de\/wordpress\/wp-content\/uploads\/2022\/02\/Elterninformation-allgemein-Bildungsgutscheine.pdf\">Elterninformation allgemein Bildungsgutscheine<\/a><\/h3>\n<h3><a href=\"https:\/\/www.assisi-schule-ostbevern.de\/wordpress\/wp-content\/uploads\/2022\/03\/Formular-Bestaetigung-ueber-die-Durchfuehrung-der-Selbsttests_23.02.2022.pdf\">Formular Best\u00e4tigung \u00fcber die Durchf\u00fchrung der Selbsttests_23.02.2022<\/a><\/h3>\n<h3><a href=\"https:\/\/www.assisi-schule-ostbevern.de\/wordpress\/wp-content\/uploads\/2022\/02\/Formular_Versicherung-der-Eltern_Testdurchfu\u0308hrung_aktuell.pdf\">Formular_Versicherung der Eltern_Testdurchfu\u0308hrung_aktuell<\/a><\/h3>\n<h3><a href=\"https:\/\/www.assisi-schule-ostbevern.de\/wordpress\/wp-content\/uploads\/2022\/02\/48.-Elternbrief-Corona-Virus-21.02.2022.pdf\">48. Elternbrief Corona-Virus 21.02.2022<\/a><\/h3>\n<h3><a href=\"https:\/\/www.assisi-schule-ostbevern.de\/wordpress\/wp-content\/uploads\/2022\/02\/EB-Karneval-und-weitere-Infos-2022.pdf\">EB-Karneval und weitere Infos 2022<\/a><\/h3>\n<h3><a href=\"https:\/\/www.assisi-schule-ostbevern.de\/?attachment_id=5547\" rel=\"attachment wp-att-5547\">47. Elternbrief Corona-Virus 26.01.2022<\/a><\/h3>\n<h3><a href=\"https:\/\/www.assisi-schule-ostbevern.de\/?attachment_id=5544\" rel=\"attachment wp-att-5544\">46. Elternbrief Corona-Virus 12.01.2022<\/a><\/h3>\n<h3><a href=\"https:\/\/www.assisi-schule-ostbevern.de\/?attachment_id=5540\" rel=\"attachment wp-att-5540\">45. Elternbrief Corona-Virus 10.01.2022<\/a><\/h3>\n<h3><a href=\"https:\/\/www.assisi-schule-ostbevern.de\/?attachment_id=5508\" rel=\"attachment wp-att-5508\">44. Elternbrief Corona 22.12.21<\/a><\/h3>\n<h3><a href=\"https:\/\/www.assisi-schule-ostbevern.de\/?attachment_id=5503\" rel=\"attachment wp-att-5503\">Dankbrief-Aktion kleiner Prinz<\/a><\/h3>\n<h3><a href=\"https:\/\/www.assisi-schule-ostbevern.de\/?attachment_id=5500\" rel=\"attachment wp-att-5500\">EB-Weihnachten_ 2021<\/a><\/h3>\n<h3><a href=\"https:\/\/www.assisi-schule-ostbevern.de\/wordpress\/wp-content\/uploads\/2021\/12\/43.-Elternbrief-Corona-02.12.2021.pdf\">43. Elternbrief Corona 02.12.2021<\/a><\/h3>\n<h3><a href=\"https:\/\/www.assisi-schule-ostbevern.de\/wordpress\/wp-content\/uploads\/2021\/12\/Elternbrief-25.11.2021.pdf\">Elternbrief 25.11.2021<\/a><\/h3>\n<h3><a href=\"https:\/\/www.assisi-schule-ostbevern.de\/wordpress\/wp-content\/uploads\/2021\/11\/42.-Elternbrief-Corona-Virus-18.11.2021.pdf\">42. Elternbrief Corona-Virus 18.11.2021<\/a><\/h3>\n<h3><a href=\"https:\/\/www.assisi-schule-ostbevern.de\/wordpress\/wp-content\/uploads\/2021\/10\/Eb_Info-Einzeltestung_neu_25.10.21.pdf\">Eb_Info Einzeltestung_neu_25.10.21<\/a><\/h3>\n<h3><a href=\"https:\/\/www.assisi-schule-ostbevern.de\/wordpress\/wp-content\/uploads\/2021\/10\/Eb-Nr.2_vor-den-Herbstferien.pdf\">Eb Nr.2_vor den Herbstferien<\/a><\/h3>\n<h3><a href=\"https:\/\/www.assisi-schule-ostbevern.de\/wordpress\/wp-content\/uploads\/2021\/10\/Eb_vor-Herbstferien_2021.pdf\">Eb_vor Herbstferien_2021<\/a><\/h3>\n<h3><a href=\"https:\/\/www.assisi-schule-ostbevern.de\/wordpress\/wp-content\/uploads\/2021\/10\/Eb_August_2021_Schuljahresanfang.pdf\">Eb_August_2021_Schuljahresanfang<\/a><\/h3>\n<h3><a href=\"https:\/\/www.assisi-schule-ostbevern.de\/wordpress\/wp-content\/uploads\/2021\/10\/Erkrankung-Kind-Schaubild-Oktober-2020.pdf\"><strong>Erkrankung Kind Schaubild Oktober 2020<\/strong><\/a><\/h3>\n<h3><a href=\"https:\/\/www.assisi-schule-ostbevern.de\/?attachment_id=5059\" rel=\"attachment wp-att-5059\">Elternbrief_Schj.ende_2020_21<\/a><\/h3>\n<h3><a href=\"https:\/\/www.assisi-schule-ostbevern.de\/?attachment_id=5054\" rel=\"attachment wp-att-5054\">Gru\u00dfworte zur Projektwoche von DEBRA e.V.<\/a><\/h3>\n<h3><a href=\"https:\/\/www.assisi-schule-ostbevern.de\/?attachment_id=4879\" rel=\"attachment wp-att-4879\">Trommelzauber_Elternbrief_02.06.21<\/a><\/h3>\n<h3><a href=\"https:\/\/www.assisi-schule-ostbevern.de\/?attachment_id=4877\" rel=\"attachment wp-att-4877\">39. Elternbrief Corona-Virus 31.05.021<\/a><\/h3>\n<h3><a href=\"https:\/\/www.assisi-schule-ostbevern.de\/?attachment_id=4874\" rel=\"attachment wp-att-4874\">Test-Bescheinigung-PCR-Test<\/a><\/h3>\n<h3><a href=\"https:\/\/www.assisi-schule-ostbevern.de\/?attachment_id=4850\" rel=\"attachment wp-att-4850\">38. Elternbrief Corona-Virus 21.05.2021<\/a><\/h3>\n<h3><a href=\"https:\/\/www.assisi-schule-ostbevern.de\/?attachment_id=4842\" rel=\"attachment wp-att-4842\">37.1.Elternbrief_in Umschlag_Einzeltestung zu Hause_10.05.2021<\/a><\/h3>\n<h3><a href=\"https:\/\/www.assisi-schule-ostbevern.de\/?attachment_id=4838\" rel=\"attachment wp-att-4838\">37. Elternbrief Corona-Virus 06.05.2021<\/a><\/h3>\n<h3><a href=\"https:\/\/www.assisi-schule-ostbevern.de\/?attachment_id=4837\" rel=\"attachment wp-att-4837\">Anleitung_Lolli-Tests_bebildert<\/a><\/h3>\n<h3><a href=\"https:\/\/www.assisi-schule-ostbevern.de\/?attachment_id=4833\" rel=\"attachment wp-att-4833\">36. Elternbrief Corona-Virus 30.04.2021<\/a><\/h3>\n<h3><a href=\"https:\/\/www.assisi-schule-ostbevern.de\/?attachment_id=4830\" rel=\"attachment wp-att-4830\">Wechselmodell ab 10.05.2021<\/a><\/h3>\n<h3><a href=\"https:\/\/www.assisi-schule-ostbevern.de\/?attachment_id=4826\" rel=\"attachment wp-att-4826\">35. Elternbrief Corona-Virus 23.04.2021<\/a><\/h3>\n<h3><a href=\"https:\/\/www.assisi-schule-ostbevern.de\/?attachment_id=4822\" rel=\"attachment wp-att-4822\">Sponsorenlauf_FvA_Fr\u00fchjahr 2021-4<\/a><\/h3>\n<h3><a href=\"https:\/\/www.assisi-schule-ostbevern.de\/?attachment_id=4821\" rel=\"attachment wp-att-4821\">Sponsorenlauf_FvA_Laufkarte_2021<\/a><\/h3>\n<h3><a href=\"https:\/\/www.assisi-schule-ostbevern.de\/?attachment_id=4817\" rel=\"attachment wp-att-4817\">34. Elternbrief Corona-Virus 15.04.2021<\/a><\/h3>\n<h3><a href=\"https:\/\/www.assisi-schule-ostbevern.de\/?attachment_id=4814\" rel=\"attachment wp-att-4814\">Wechselmodell ab 19.04.21<\/a><\/h3>\n<h3><a href=\"https:\/\/www.assisi-schule-ostbevern.de\/?attachment_id=4813\" rel=\"attachment wp-att-4813\">Leporello Selbsttest<\/a><\/h3>\n<h3><a href=\"https:\/\/www.assisi-schule-ostbevern.de\/?attachment_id=4805\" rel=\"attachment wp-att-4805\">33. Elternbrief Corona-Virus 12.04.2021<\/a><\/h3>\n<h3><a href=\"https:\/\/www.assisi-schule-ostbevern.de\/?attachment_id=4801\" rel=\"attachment wp-att-4801\">32. Elternbrief Corona-Virus 09.04.2021<\/a><\/h3>\n<h3><a href=\"https:\/\/www.assisi-schule-ostbevern.de\/?attachment_id=4797\" rel=\"attachment wp-att-4797\">31. Elternbrief Corona-Virus 09.04.2021<\/a><\/h3>\n<h3><a href=\"https:\/\/www.assisi-schule-ostbevern.de\/?attachment_id=4795\" rel=\"attachment wp-att-4795\">Anlage zur Anmeldung Betreuung ab dem 12.04.2021<\/a><\/h3>\n<h3><a href=\"https:\/\/www.assisi-schule-ostbevern.de\/?attachment_id=4791\" rel=\"attachment wp-att-4791\">30. Elternbrief Corona-Virus 26.03.2021<\/a><\/h3>\n<h3><a href=\"https:\/\/www.assisi-schule-ostbevern.de\/?attachment_id=4779\" rel=\"attachment wp-att-4779\">Elternbrief Fortbildung am 12.03.21<\/a><\/h3>\n<h3><a href=\"https:\/\/www.assisi-schule-ostbevern.de\/?attachment_id=4775\" rel=\"attachment wp-att-4775\">29. Elternbrief Corona-Virus 04.03.2021<\/a><\/h3>\n<h3><a href=\"https:\/\/www.assisi-schule-ostbevern.de\/?attachment_id=4773\" rel=\"attachment wp-att-4773\">Wec<\/a><a href=\"https:\/\/www.assisi-schule-ostbevern.de\/?attachment_id=4773\" rel=\"attachment wp-att-4773\">hselmodell ab 08.03.21<\/a><\/h3>\n<h3><a href=\"https:\/\/www.assisi-schule-ostbevern.de\/?attachment_id=4757\" rel=\"attachment wp-att-4757\">Anmeldung zur Betreuung ab 22.02.21<\/a><\/h3>\n<h3><a href=\"https:\/\/www.assisi-schule-ostbevern.de\/?attachment_id=4770\" rel=\"attachment wp-att-4770\">28. Elternbrief Corona-Virus 20.02.21<\/a><\/h3>\n<h3><a href=\"https:\/\/www.assisi-schule-ostbevern.de\/?attachment_id=4765\" rel=\"attachment wp-att-4765\">27. Elternbrief Corona-Virus 16.02.2021<\/a><\/h3>\n<h3><a href=\"https:\/\/www.assisi-schule-ostbevern.de\/?attachment_id=4758\" rel=\"attachment wp-att-4758\">Wechselmodell ab 22.02.21_final<\/a><\/h3>\n<h3><a href=\"https:\/\/www.assisi-schule-ostbevern.de\/?attachment_id=4740\" rel=\"attachment wp-att-4740\">26. Elternbrief Corona-Virus 11.02.2021<\/a><\/h3>\n<h3><a href=\"https:\/\/www.assisi-schule-ostbevern.de\/?attachment_id=4738\" rel=\"attachment wp-att-4738\">Anmeldung Betreuung bis zum 20. Februar 2021 (Klasse 1 bis 6)<\/a><\/h3>\n<h3><a href=\"https:\/\/www.assisi-schule-ostbevern.de\/?attachment_id=4725\" rel=\"attachment wp-att-4725\">25. Elternbrief Corona-Virus 02.02.2021<\/a><\/h3>\n<h3><a href=\"https:\/\/www.assisi-schule-ostbevern.de\/?attachment_id=4721\" rel=\"attachment wp-att-4721\">24. Elternbrief Corona-Virus 28.01.2021<\/a><\/h3>\n<h3><a href=\"https:\/\/www.assisi-schule-ostbevern.de\/?attachment_id=4718\" rel=\"attachment wp-att-4718\">Anmeldung Betreuung bis zum 12. Februar 2021<\/a><\/h3>\n<h3><a href=\"https:\/\/www.assisi-schule-ostbevern.de\/?attachment_id=4715\" rel=\"attachment wp-att-4715\">23. Elternbrief Corona-Virus 25.01.2021<\/a><\/h3>\n<h3><a href=\"https:\/\/www.assisi-schule-ostbevern.de\/?attachment_id=4702\" rel=\"attachment wp-att-4702\">22. Elternbrief Corona-Virus 08.01.2021<\/a><\/h3>\n<h3><a href=\"https:\/\/www.assisi-schule-ostbevern.de\/?attachment_id=4698\" rel=\"attachment wp-att-4698\">21. Elternbrief Corona-Virus 07.01.2021<\/a><\/h3>\n<h3><a href=\"https:\/\/www.assisi-schule-ostbevern.de\/?attachment_id=4697\" rel=\"attachment wp-att-4697\">Anlage Anmeldung Betreuung bis zum 31. Januar 2021<\/a><\/h3>\n<h3><a href=\"https:\/\/www.assisi-schule-ostbevern.de\/?attachment_id=4695\" rel=\"attachment wp-att-4695\">20. Elternbrief Corona-Virus 06.01.2021<\/a><\/h3>\n<h3><a href=\"https:\/\/www.assisi-schule-ostbevern.de\/?attachment_id=4684\" rel=\"attachment wp-att-4684\">Antragsformular Notbetreuung Weihnachten 2020_2021 (Stand 15.12.2020)<\/a><\/h3>\n<h3><a href=\"https:\/\/www.assisi-schule-ostbevern.de\/?attachment_id=4665\" rel=\"attachment wp-att-4665\">EB-Weihnachten_ 2020<\/a><\/h3>\n<h3><a href=\"https:\/\/www.assisi-schule-ostbevern.de\/?attachment_id=4661\" rel=\"attachment wp-att-4661\">19. Elternbrief Corona-Virus 14.12.2020<\/a><\/h3>\n<h3><a href=\"https:\/\/www.assisi-schule-ostbevern.de\/?attachment_id=4658\" rel=\"attachment wp-att-4658\">18. Elternbrief Corona-Virus 11.12.2020<\/a><\/h3>\n<h3><a href=\"https:\/\/www.assisi-schule-ostbevern.de\/?attachment_id=4646\" rel=\"attachment wp-att-4646\">Einladung Elternabend Recht im Internet 16.12.2020<\/a><\/h3>\n<h3><a href=\"https:\/\/www.assisi-schule-ostbevern.de\/?attachment_id=4631\" rel=\"attachment wp-att-4631\">Elterninfo Weihnachtsferien 24.11.2020<\/a><\/h3>\n<h3><a href=\"https:\/\/www.assisi-schule-ostbevern.de\/?attachment_id=4630\" rel=\"attachment wp-att-4630\">Antragsformular Notbetreuung Weihnachten 2020<\/a><\/h3>\n<h3><a href=\"https:\/\/www.assisi-schule-ostbevern.de\/?attachment_id=4627\" rel=\"attachment wp-att-4627\">Elterninfo Elternsprechtag 23.11.2020<\/a><\/h3>\n<h3><a href=\"https:\/\/www.assisi-schule-ostbevern.de\/?attachment_id=4608\" rel=\"attachment wp-att-4608\">Elterninfo Sportunterricht 16.11.2020<\/a><\/h3>\n<h3><a href=\"https:\/\/www.assisi-schule-ostbevern.de\/?attachment_id=4604\" rel=\"attachment wp-att-4604\">Elternbrief Powerpoint weiterf\u00fchrende Schulen<\/a><\/h3>\n<h3><a href=\"https:\/\/www.assisi-schule-ostbevern.de\/?attachment_id=4603\" rel=\"attachment wp-att-4603\">Powerpoint \u00dcbergang GS in die Sekundarstufe 1<\/a><\/h3>\n<h3><a href=\"https:\/\/www.assisi-schule-ostbevern.de\/?attachment_id=4600\" rel=\"attachment wp-att-4600\">Elternbrief Corona 9.11.2020<\/a><\/h3>\n<h3><a href=\"https:\/\/www.assisi-schule-ostbevern.de\/?attachment_id=4592\" rel=\"attachment wp-att-4592\">Elternbrief Corona 1.11.2020<\/a><\/h3>\n<h3><a href=\"https:\/\/www.assisi-schule-ostbevern.de\/?attachment_id=4580\" rel=\"attachment wp-att-4580\">17.-Elternbrief-Corona-Virus-26.10.2020<\/a><\/h3>\n<h3><a href=\"https:\/\/www.assisi-schule-ostbevern.de\/?attachment_id=4572\" rel=\"attachment wp-att-4572\">Erkrankung Kind Schaubild Oktober 2020<\/a><\/h3>\n<h3><a href=\"https:\/\/www.assisi-schule-ostbevern.de\/?attachment_id=4558\" rel=\"attachment wp-att-4558\">Private Reisen von Sch\u00fclerinnen und Sch\u00fclern in den Herbstferien<\/a><\/h3>\n<h3><a href=\"https:\/\/www.assisi-schule-ostbevern.de\/?attachment_id=4521\" rel=\"attachment wp-att-4521\">Vorlage Bescheinigung \u00e4rztliche R\u00fccksprache<\/a><\/h3>\n<h3><a href=\"https:\/\/www.assisi-schule-ostbevern.de\/?attachment_id=4520\" rel=\"attachment wp-att-4520\">Erkrankung Kind Schaubild<\/a><\/h3>\n<h3><a href=\"https:\/\/www.assisi-schule-ostbevern.de\/?attachment_id=4514\" rel=\"attachment wp-att-4514\">Eb_August_2020_Schuljahresanfang 26082020<\/a><\/h3>\n<h3><a href=\"https:\/\/www.assisi-schule-ostbevern.de\/?attachment_id=4461\" rel=\"attachment wp-att-4461\">16. Elternbrief Corona-Virus 11.08.2020<\/a><\/h3>\n<h3><a href=\"https:\/\/www.assisi-schule-ostbevern.de\/?attachment_id=4458\" rel=\"attachment wp-att-4458\">15. Elternbrief Corona-Virus 04.08.2020<\/a><\/h3>\n<h3><a href=\"https:\/\/www.assisi-schule-ostbevern.de\/?attachment_id=4450\" rel=\"attachment wp-att-4450\">Elternbrief-der letzte im Sommer 2020<\/a><\/h3>\n<h3><a href=\"https:\/\/www.assisi-schule-ostbevern.de\/?attachment_id=4430\" rel=\"attachment wp-att-4430\">14. Elternbrief Corona-Virus 23.06.2020<\/a><\/h3>\n<h3><a href=\"https:\/\/www.assisi-schule-ostbevern.de\/?attachment_id=4399\" rel=\"attachment wp-att-4399\">1<\/a><a href=\"https:\/\/www.assisi-schule-ostbevern.de\/?attachment_id=4399\" rel=\"attachment wp-att-4399\">3. Elternbrief Corona-Virus 09.06.2020<\/a><\/h3>\n<h3><a href=\"https:\/\/www.assisi-schule-ostbevern.de\/?attachment_id=4405\" rel=\"attachment wp-att-4405\">Anhang zum 13. Elternbrief_OGS-\u00d6ffnung<\/a><\/h3>\n<h3><a href=\"https:\/\/www.assisi-schule-ostbevern.de\/?attachment_id=4394\" rel=\"attachment wp-att-4394\">12. Elternbrief Corona-Virus 05.06.2020<\/a><\/h3>\n<h3><a href=\"https:\/\/www.assisi-schule-ostbevern.de\/?attachment_id=4384\" rel=\"attachment wp-att-4384\">11. Elternbrief Corona-Virus 11.05.2020<\/a><\/h3>\n<h3><a href=\"https:\/\/www.assisi-schule-ostbevern.de\/?attachment_id=4382\" rel=\"attachment wp-att-4382\">Anlage zum 11. Elternbrief rollierendes Verfahren NEU<\/a><\/h3>\n<h3><a href=\"https:\/\/www.assisi-schule-ostbevern.de\/?attachment_id=4380\" rel=\"attachment wp-att-4380\">10. Elternbrief Corona-Virus 09.05.2020<\/a><\/h3>\n<h3><a href=\"https:\/\/www.assisi-schule-ostbevern.de\/?attachment_id=4378\" rel=\"attachment wp-att-4378\">Anlag zum 10. Elternbrief rollierendes Verfahren<\/a><\/h3>\n<h3><a href=\"https:\/\/www.assisi-schule-ostbevern.de\/?attachment_id=4374\" rel=\"attachment wp-att-4374\">9. Elternbrief Corona-Virus 07.05.2020<\/a><\/h3>\n<h3><a href=\"https:\/\/www.assisi-schule-ostbevern.de\/?attachment_id=4370\" rel=\"attachment wp-att-4370\">8. Elternbrief Corona-Virus 30.04.2020<\/a><\/h3>\n<h3><a href=\"https:\/\/www.assisi-schule-ostbevern.de\/?attachment_id=4367\" rel=\"attachment wp-att-4367\">Nachtrag zum 7. Elternbrief 25.04.2020<\/a><\/h3>\n<h3><a href=\"https:\/\/www.assisi-schule-ostbevern.de\/?attachment_id=4363\" rel=\"attachment wp-att-4363\">7. Elternbrief Corona-Virus 24.04.2020<\/a><\/h3>\n<h3><a href=\"https:\/\/www.assisi-schule-ostbevern.de\/?attachment_id=4366\" rel=\"attachment wp-att-4366\">Antrag auf Notbetreuung neu ab 27.04.2020<\/a><\/h3>\n<h3><a href=\"https:\/\/www.assisi-schule-ostbevern.de\/?attachment_id=4349\" rel=\"attachment wp-att-4349\">6. Elternbrief Corona-Virus_17.04.2020<\/a><\/h3>\n<h3><a href=\"https:\/\/www.assisi-schule-ostbevern.de\/?attachment_id=4361\" rel=\"attachment wp-att-4361\">Antrag auf Notbetreuung neu ab 23.04.<\/a><\/h3>\n<h3><a href=\"https:\/\/www.assisi-schule-ostbevern.de\/?attachment_id=4344\" rel=\"attachment wp-att-4344\">T\u00e4tigkeitsbereiche erweiterte Notbetreuung ab 23. April<\/a><\/h3>\n<h3><a href=\"https:\/\/www.assisi-schule-ostbevern.de\/?attachment_id=4312\" rel=\"attachment wp-att-4312\">5. Elternbrief_Corona-Virus_03.04.2020<\/a><\/h3>\n<h3><a href=\"https:\/\/www.assisi-schule-ostbevern.de\/?attachment_id=4303\" rel=\"attachment wp-att-4303\">Aktion_Freundliche Gr\u00fc\u00dfe<\/a><\/h3>\n<h3><a href=\"https:\/\/www.assisi-schule-ostbevern.de\/?attachment_id=4299\" rel=\"attachment wp-att-4299\">Elternbrief der Schulministerin vom 27.03.2020<\/a><\/h3>\n<h3><a href=\"https:\/\/www.assisi-schule-ostbevern.de\/?attachment_id=4273\" rel=\"attachment wp-att-4273\">4. Elternbrief Corona-Virus 23.03.2020<\/a><\/h3>\n<h3><a href=\"https:\/\/www.assisi-schule-ostbevern.de\/?attachment_id=4267\" rel=\"attachment wp-att-4267\">Antrag auf Notbetreuung neu ab 23.03.2020<\/a><\/h3>\n<h3><a href=\"https:\/\/www.assisi-schule-ostbevern.de\/?attachment_id=4252\" rel=\"attachment wp-att-4252\">3. Elternbrief Corona-Virus 16.03.2020<\/a><\/h3>\n<h3><a href=\"https:\/\/www.assisi-schule-ostbevern.de\/?attachment_id=4249\" rel=\"attachment wp-att-4249\">Elternbrief OGS zum Corona-Virus<\/a><\/h3>\n<h3><a href=\"https:\/\/www.assisi-schule-ostbevern.de\/?attachment_id=4245\" rel=\"attachment wp-att-4245\">Bedarfsanmeldung Notbetreuung<\/a><\/h3>\n<h3><a href=\"https:\/\/www.assisi-schule-ostbevern.de\/?attachment_id=4244\" rel=\"attachment wp-att-4244\">Leitlinie zur Bestimmung des Personals kritischer Infrastrukturen<\/a><\/h3>\n<h3><a href=\"https:\/\/www.assisi-schule-ostbevern.de\/?attachment_id=4241\" rel=\"attachment wp-att-4241\">2. Elternbrief Corona-Virus 13.03.2020<\/a><\/h3>\n<h3><a href=\"https:\/\/www.assisi-schule-ostbevern.de\/?attachment_id=4232\" rel=\"attachment wp-att-4232\">Eb_Corona_Hygiene_ und Co_M\u00e4rz2020<\/a><\/h3>\n<h3><\/h3>\n<h3><\/h3>\n<h3><\/h3>\n<h3><\/h3>\n<h3><\/h3>\n<h3><\/h3>\n<h3><\/h3>\n<h3><\/h3>\n<h3><\/h3>\n<h3><\/h3>\n<h3><\/h3>\n<h3><\/h3>\n<h3><\/h3>\n<h3><\/h3>\n<h3><\/h3>\n<h3><\/h3>\n<h3><\/h3>\n<h3><\/h3>\n<h3><\/h3>\n<h3><\/h3>\n<h3><\/h3>\n<h3><\/h3>\n<h3><\/h3>\n<h3><\/h3>\n<h3><\/h3>\n<h3><\/h3>\n<h3><\/h3>\n<h3><\/h3>\n<h3><\/h3>\n<h3><\/h3>\n<h3><\/h3>\n<h3><\/h3>\n<h3><\/h3>\n<p>&nbsp;<\/p>\n","protected":false},"excerpt":{"rendered":"<p>Hier finden Sie noch einige \u00e4ltere Elternbriefe. Seit der Umstellung auf IServ werden die Elternbriefe per Mail verschickt und nicht mehr \u00fcber die Homepage verlinkt. Bei Fragen zu Elterninformationen melden Sie sich gerne bei uns in der Schule. Eb_M\u00e4rz 2022_vor Ostern Einladung Austausch IServ KINDERB\u00dcCHERFLOHMARKT 2022_Eb 49. Elternbrief Corona-Virus 10.03.2022 Formular Best\u00e4tigung \u00fcber die Durchf\u00fchrung [&hellip;]<\/p>\n","protected":false},"author":3,"featured_media":0,"parent":31,"menu_order":0,"comment_status":"open","ping_status":"open","template":"","meta":{"footnotes":""},"class_list":["post-35","page","type-page","status-publish","hentry"],"_links":{"self":[{"href":"https:\/\/www.assisi-schule-ostbevern.de\/index.php?rest_route=\/wp\/v2\/pages\/35","targetHints":{"allow":["GET"]}}],"collection":[{"href":"https:\/\/www.assisi-schule-ostbevern.de\/index.php?rest_route=\/wp\/v2\/pages"}],"about":[{"href":"https:\/\/www.assisi-schule-ostbevern.de\/index.php?rest_route=\/wp\/v2\/types\/page"}],"author":[{"embeddable":true,"href":"https:\/\/www.assisi-schule-ostbevern.de\/index.php?rest_route=\/wp\/v2\/users\/3"}],"replies":[{"embeddable":true,"href":"https:\/\/www.assisi-schule-ostbevern.de\/index.php?rest_route=%2Fwp%2Fv2%2Fcomments&post=35"}],"version-history":[{"count":202,"href":"https:\/\/www.assisi-schule-ostbevern.de\/index.php?rest_route=\/wp\/v2\/pages\/35\/revisions"}],"predecessor-version":[{"id":6244,"href":"https:\/\/www.assisi-schule-ostbevern.de\/index.php?rest_route=\/wp\/v2\/pages\/35\/revisions\/6244"}],"up":[{"embeddable":true,"href":"https:\/\/www.assisi-schule-ostbevern.de\/index.php?rest_route=\/wp\/v2\/pages\/31"}],"wp:attachment":[{"href":"https:\/\/www.assisi-schule-ostbevern.de\/index.php?rest_route=%2Fwp%2Fv2%2Fmedia&parent=35"}],"curies":[{"name":"wp","href":"https:\/\/api.w.org\/{rel}","templated":true}]}}