{"id":48,"date":"2012-08-21T17:44:17","date_gmt":"2012-08-21T17:44:17","guid":{"rendered":"http:\/\/www.franz-von-assisi-schule-ostbevern.de\/wordpress\/?page_id=48"},"modified":"2026-05-01T19:33:58","modified_gmt":"2026-05-01T19:33:58","slug":"willkommen","status":"publish","type":"page","link":"https:\/\/www.assisi-schule-ostbevern.de\/","title":{"rendered":"Herzlich willkommen"},"content":{"rendered":"<h2><img loading=\"lazy\" decoding=\"async\" class=\"alignnone size-medium wp-image-8286\" src=\"https:\/\/www.assisi-schule-ostbevern.de\/wordpress\/wp-content\/uploads\/2026\/02\/IMG-20260213-WA0001-424x600.jpg\" alt=\"\" width=\"424\" height=\"600\" srcset=\"https:\/\/www.assisi-schule-ostbevern.de\/wordpress\/wp-content\/uploads\/2026\/02\/IMG-20260213-WA0001-424x600.jpg 424w, https:\/\/www.assisi-schule-ostbevern.de\/wordpress\/wp-content\/uploads\/2026\/02\/IMG-20260213-WA0001-724x1024.jpg 724w, https:\/\/www.assisi-schule-ostbevern.de\/wordpress\/wp-content\/uploads\/2026\/02\/IMG-20260213-WA0001-768x1087.jpg 768w, https:\/\/www.assisi-schule-ostbevern.de\/wordpress\/wp-content\/uploads\/2026\/02\/IMG-20260213-WA0001.jpg 841w\" sizes=\"auto, (max-width: 424px) 100vw, 424px\" \/><\/h2>\n<h2><strong>Aktuelle Info der Gemeinde Ostbevern zum \u201eDeutschland-Ticket Schule\u201c f\u00fcr nicht anspruchsberechtigte Sch\u00fcler:innen<\/strong><\/h2>\n<p><strong>\u00a0<\/strong><strong>Der Rat der Gemeinde Ostbevern hat beschlossen, dass ab dem Schuljahr 2024\/2025 an den gemeindlichen Schulen das 49 \u20ac Ticket nach dem Landesmodell eingef\u00fchrt wird.<\/strong><\/p>\n<p><strong>Somit k\u00f6nnen Sch\u00fclerinnen und Sch\u00fcler der gemeindlichen Schulen, die ihre Fahrtkosten selbst tragen m\u00fcssen, also nicht anspruchsberechtigt sind, ein verg\u00fcnstigtes \u201eDeutschland-Ticket Schule\u201c f\u00fcr nur 29,- Euro im Monat kaufen. <\/strong><\/p>\n<p><strong>Nicht anspruchsberechtigte Sch\u00fcler:innen sind diejenigen, die nach der Sch\u00fclerfahrkostenverordnung NRW keinen Anspruch auf Erstattung von Fahrkosten haben, weil sie z.B. die Entfernungsgrenzen nicht \u00fcberschreiten. <\/strong><\/p>\n<p><strong>Das Deutschland-Ticket Schule kann unter folgendem Link <a href=\"https:\/\/www.dbregio.de\/dbregiobus-nrw-de\/tickets-tarife\/tickets-abos-westfalen\/dt-schule\">https:\/\/www.dbregio.de\/dbregiobus-nrw-de\/tickets-tarife\/tickets-abos-westfalen\/dt-schule<\/a> online bestellt werden.<\/strong><\/p>\n<p><strong>Unser Sekretariat ist t\u00e4glich von 7.30 Uhr bis 11.30 Uhr pers\u00f6nlich und telefonisch erreichbar.\u00a0<\/strong><\/p>\n<p>&nbsp;<\/p>\n<p>&nbsp;<\/p>\n","protected":false},"excerpt":{"rendered":"<p>Aktuelle Info der Gemeinde Ostbevern zum \u201eDeutschland-Ticket Schule\u201c f\u00fcr nicht anspruchsberechtigte Sch\u00fcler:innen \u00a0Der Rat der Gemeinde Ostbevern hat beschlossen, dass ab dem Schuljahr 2024\/2025 an den gemeindlichen Schulen das 49 \u20ac Ticket nach dem Landesmodell eingef\u00fchrt wird. Somit k\u00f6nnen Sch\u00fclerinnen und Sch\u00fcler der gemeindlichen Schulen, die ihre Fahrtkosten selbst tragen m\u00fcssen, also nicht anspruchsberechtigt sind, [&hellip;]<\/p>\n","protected":false},"author":3,"featured_media":0,"parent":0,"menu_order":0,"comment_status":"open","ping_status":"open","template":"welcome.php","meta":{"footnotes":""},"class_list":["post-48","page","type-page","status-publish","hentry"],"_links":{"self":[{"href":"https:\/\/www.assisi-schule-ostbevern.de\/index.php?rest_route=\/wp\/v2\/pages\/48","targetHints":{"allow":["GET"]}}],"collection":[{"href":"https:\/\/www.assisi-schule-ostbevern.de\/index.php?rest_route=\/wp\/v2\/pages"}],"about":[{"href":"https:\/\/www.assisi-schule-ostbevern.de\/index.php?rest_route=\/wp\/v2\/types\/page"}],"author":[{"embeddable":true,"href":"https:\/\/www.assisi-schule-ostbevern.de\/index.php?rest_route=\/wp\/v2\/users\/3"}],"replies":[{"embeddable":true,"href":"https:\/\/www.assisi-schule-ostbevern.de\/index.php?rest_route=%2Fwp%2Fv2%2Fcomments&post=48"}],"version-history":[{"count":171,"href":"https:\/\/www.assisi-schule-ostbevern.de\/index.php?rest_route=\/wp\/v2\/pages\/48\/revisions"}],"predecessor-version":[{"id":8382,"href":"https:\/\/www.assisi-schule-ostbevern.de\/index.php?rest_route=\/wp\/v2\/pages\/48\/revisions\/8382"}],"wp:attachment":[{"href":"https:\/\/www.assisi-schule-ostbevern.de\/index.php?rest_route=%2Fwp%2Fv2%2Fmedia&parent=48"}],"curies":[{"name":"wp","href":"https:\/\/api.w.org\/{rel}","templated":true}]}}